{"id":5545,"date":"2025-06-19T03:26:36","date_gmt":"2025-06-19T03:26:36","guid":{"rendered":"https:\/\/novalion-med.com\/?post_type=product&#038;p=5545"},"modified":"2025-06-19T03:31:00","modified_gmt":"2025-06-19T03:31:00","slug":"soporte-de-infusion-de-acero-inoxidable-con-base-de-hierro-fundido-y-25-kg-de-capacidad","status":"publish","type":"product","link":"https:\/\/novalion-med.com\/es\/producto\/soporte-de-infusion-de-acero-inoxidable-con-base-de-hierro-fundido-y-25-kg-de-capacidad\/","title":{"rendered":"Soporte de infusi\u00f3n de acero inoxidable con base de hierro fundido y 25 kg de capacidad"},"content":{"rendered":"<div data-elementor-type=\"product-post\" data-elementor-id=\"5545\" class=\"elementor elementor-5545\" data-elementor-post-type=\"product\">\n\t\t\t\t<div class=\"elementor-element elementor-element-1c93f1cb e-con-full e-flex e-con e-parent\" data-id=\"1c93f1cb\" data-element_type=\"container\">\n\t\t\t\t<div class=\"elementor-element elementor-element-2240ff1 elementor-widget elementor-widget-heading\" data-id=\"2240ff1\" data-element_type=\"widget\" data-widget_type=\"heading.default\">\n\t\t\t\t<div class=\"elementor-widget-container\">\n\t\t\t\t\t<h2 class=\"elementor-heading-title elementor-size-default\">Soporte de infusi\u00f3n de acero inoxidable con base de hierro fundido y 25 kg de capacidad<\/h2>\t\t\t\t<\/div>\n\t\t\t\t<\/div>\n\t\t\t\t<div class=\"elementor-element elementor-element-45d8c46 elementor-widget elementor-widget-text-editor\" data-id=\"45d8c46\" data-element_type=\"widget\" data-widget_type=\"text-editor.default\">\n\t\t\t\t<div class=\"elementor-widget-container\">\n\t\t\t\t\t\t\t\t\t<p>El\u00edjala por su capacidad de carga de 25 kg, su estabilidad de hierro fundido y sus 4 ganchos, que garantizan un soporte fiable para m\u00faltiples bolsas de infusi\u00f3n en salas de hospital.<\/p>\t\t\t\t\t\t\t\t<\/div>\n\t\t\t\t<\/div>\n\t\t\t\t<div class=\"elementor-element elementor-element-7152afc elementor-widget elementor-widget-text-editor\" data-id=\"7152afc\" data-element_type=\"widget\" data-widget_type=\"text-editor.default\">\n\t\t\t\t<div class=\"elementor-widget-container\">\n\t\t\t\t\t\t\t\t\t<h2>Caracter\u00edsticas principales<\/h2><p>\"Soporte de grado hospitalario de 25 kg: estabilidad de hierro fundido, 4 ganchos y fiabilidad de acero inoxidable para soporte de infusi\u00f3n de varias bolsas\".<\/p><ul><li>Capacidad de carga de 25 kg con estabilidad de hierro fundido<\/li><li>4 ganchos para soporte de varias bolsas<\/li><li>Tubos de acero inoxidable<\/li><li>Fiabilidad de nivel hospitalario para uso en salas<\/li><\/ul>\t\t\t\t\t\t\t\t<\/div>\n\t\t\t\t<\/div>\n\t\t\t\t<div class=\"elementor-element elementor-element-3a02177 elementor-widget elementor-widget-text-editor\" data-id=\"3a02177\" data-element_type=\"widget\" data-widget_type=\"text-editor.default\">\n\t\t\t\t<div class=\"elementor-widget-container\">\n\t\t\t\t\t\t\t\t\t<h2>Especificaciones<\/h2><table width=\"160\"><tbody><tr><td width=\"80\">Nombre<\/td><td width=\"80\">\u00a0Soporte de infusi\u00f3n de acero inoxidable con base de hierro fundido y 25 kg de capacidad<\/td><\/tr><tr><td>Alcance de elevaci\u00f3n<\/td><td>\u00a01,1-2,0 m ajustable<\/td><\/tr><tr><td>Capacidad de carga<\/td><td>\u00a0Unos 25 kg<\/td><\/tr><tr><td>Material principal<\/td><td>\u00a0acero inoxidable<\/td><\/tr><tr><td>Material de base<\/td><td>\u00a0base de hierro fundido<\/td><\/tr><tr><td>Combinaci\u00f3n de accesorios<\/td><td>\u00a04 ganchos, regulador, base de hierro fundido, tubo de acero inoxidable<\/td><\/tr><\/tbody><\/table>\t\t\t\t\t\t\t\t<\/div>\n\t\t\t\t<\/div>\n\t\t\t\t<div class=\"elementor-element elementor-element-2996df9 elementor-widget elementor-widget-text-editor\" data-id=\"2996df9\" data-element_type=\"widget\" data-widget_type=\"text-editor.default\">\n\t\t\t\t<div class=\"elementor-widget-container\">\n\t\t\t\t\t\t\t\t\t<p>Encontrar\u00e1 m\u00e1s equipos m\u00e9dicos en <a href=\"https:\/\/novalion-med.com\/es\/\" target=\"_blank\" rel=\"noopener\">nuestro sitio web<\/a> o <a href=\"https:\/\/api.whatsapp.com\/send\/?phone=%2B008618112908401&amp;text&amp;type=phone_number&amp;app_absent=0\" target=\"_blank\" rel=\"noopener\">nuestro whatsapp<\/a>.<\/p>\t\t\t\t\t\t\t\t<\/div>\n\t\t\t\t<\/div>\n\t\t\t\t<\/div>\n\t\t\t\t<\/div>","protected":false},"excerpt":{"rendered":"<p>Este soporte equilibra durabilidad y funcionalidad con un alcance de elevaci\u00f3n de 1,1-2,0 m, una capacidad de carga de 25 kg y una base de hierro fundido para mayor estabilidad. Incluye 4 ganchos, un regulador, tubos de acero inoxidable y una base de hierro fundido que proporciona peso adicional para soportar cargas pesadas. Adecuado para hospitales o cl\u00ednicas donde es esencial un soporte fiable para m\u00faltiples bolsas de infusi\u00f3n y equipos, garantizando un rendimiento seguro y constante.<\/p>","protected":false},"featured_media":5510,"template":"elementor_theme","meta":{"site-sidebar-layout":"default","site-content-layout":"","ast-site-content-layout":"default","site-content-style":"default","site-sidebar-style":"default","ast-global-header-display":"","ast-banner-title-visibility":"","ast-main-header-display":"","ast-hfb-above-header-display":"","ast-hfb-below-header-display":"","ast-hfb-mobile-header-display":"","site-post-title":"","ast-breadcrumbs-content":"","ast-featured-img":"","footer-sml-layout":"","theme-transparent-header-meta":"default","adv-header-id-meta":"","stick-header-meta":"default","header-above-stick-meta":"","header-main-stick-meta":"","header-below-stick-meta":"","astra-migrate-meta-layouts":"set","ast-page-background-enabled":"default","ast-page-background-meta":{"desktop":{"background-color":"var(--ast-global-color-4)","background-image":"","background-repeat":"repeat","background-position":"center center","background-size":"auto","background-attachment":"scroll","background-type":"","background-media":"","overlay-type":"","overlay-color":"","overlay-opacity":"","overlay-gradient":""},"tablet":{"background-color":"","background-image":"","background-repeat":"repeat","background-position":"center center","background-size":"auto","background-attachment":"scroll","background-type":"","background-media":"","overlay-type":"","overlay-color":"","overlay-opacity":"","overlay-gradient":""},"mobile":{"background-color":"","background-image":"","background-repeat":"repeat","background-position":"center center","background-size":"auto","background-attachment":"scroll","background-type":"","background-media":"","overlay-type":"","overlay-color":"","overlay-opacity":"","overlay-gradient":""}},"ast-content-background-meta":{"desktop":{"background-color":"var(--ast-global-color-5)","background-image":"","background-repeat":"repeat","background-position":"center center","background-size":"auto","background-attachment":"scroll","background-type":"","background-media":"","overlay-type":"","overlay-color":"","overlay-opacity":"","overlay-gradient":""},"tablet":{"background-color":"var(--ast-global-color-5)","background-image":"","background-repeat":"repeat","background-position":"center center","background-size":"auto","background-attachment":"scroll","background-type":"","background-media":"","overlay-type":"","overlay-color":"","overlay-opacity":"","overlay-gradient":""},"mobile":{"background-color":"var(--ast-global-color-5)","background-image":"","background-repeat":"repeat","background-position":"center center","background-size":"auto","background-attachment":"scroll","background-type":"","background-media":"","overlay-type":"","overlay-color":"","overlay-opacity":"","overlay-gradient":""}}},"product_brand":[],"product_cat":[102],"product_tag":[],"class_list":{"0":"post-5545","1":"product","2":"type-product","3":"status-publish","4":"has-post-thumbnail","6":"product_cat-infusion-stands","7":"desktop-align-center","8":"tablet-align-left","9":"mobile-align-left","10":"ast-product-gallery-layout-horizontal-slider","11":"ast-magnify-disabled","12":"ast-product-tabs-layout-accordion","13":"ast-qv-on-image","15":"first","16":"instock","17":"shipping-taxable","18":"purchasable","19":"product-type-simple"},"aioseo_notices":[],"aioseo_head":"\n\t\t<!-- All in One SEO Pro 4.6.0 - aioseo.com -->\n\t\t<meta name=\"description\" content=\"25kg Capacity Stainless Steel Infusion Stand, cast iron base, 4 hooks\u2014reliable support for multiple infusion bags in hospitals.\" \/>\n\t\t<meta name=\"robots\" content=\"max-image-preview:large\" \/>\n\t\t<meta name=\"google-site-verification\" content=\"XE0Krczs_zYC4qBAqnvyRaNEYa9NQEP4HzU7PPpzxoI\" \/>\n\t\t<link rel=\"canonical\" href=\"https:\/\/novalion-med.com\/es\/producto\/soporte-de-infusion-de-acero-inoxidable-con-base-de-hierro-fundido-y-25-kg-de-capacidad\/\" \/>\n\t\t<meta name=\"generator\" content=\"All in One SEO Pro (AIOSEO) 4.6.0\" \/>\n\t\t<meta property=\"og:locale\" content=\"es_ES\" \/>\n\t\t<meta property=\"og:site_name\" content=\"Novalion Medical \u2013 Wheelchair, Hospital bed, Walker,Commode chair,Crutch...\" \/>\n\t\t<meta property=\"og:type\" content=\"article\" \/>\n\t\t<meta property=\"og:title\" content=\"Stainless Steel Infusion Stand with 25kg Capacity\" \/>\n\t\t<meta property=\"og:description\" content=\"25kg Capacity Stainless Steel Infusion Stand, cast iron base, 4 hooks\u2014reliable support for multiple infusion bags in hospitals.\" \/>\n\t\t<meta property=\"og:url\" content=\"https:\/\/novalion-med.com\/es\/producto\/soporte-de-infusion-de-acero-inoxidable-con-base-de-hierro-fundido-y-25-kg-de-capacidad\/\" \/>\n\t\t<meta property=\"og:image\" content=\"https:\/\/novalion-med.com\/wp-content\/uploads\/2025\/04\/cropped-343496212_201698782614433_8037205422525878621_n-1.jpg\" \/>\n\t\t<meta property=\"og:image:secure_url\" content=\"https:\/\/novalion-med.com\/wp-content\/uploads\/2025\/04\/cropped-343496212_201698782614433_8037205422525878621_n-1.jpg\" \/>\n\t\t<meta property=\"og:image:width\" content=\"512\" \/>\n\t\t<meta property=\"og:image:height\" content=\"512\" \/>\n\t\t<meta property=\"article:published_time\" content=\"2025-06-19T03:26:36+00:00\" \/>\n\t\t<meta property=\"article:modified_time\" content=\"2025-06-19T03:31:00+00:00\" \/>\n\t\t<meta property=\"article:publisher\" content=\"https:\/\/www.facebook.com\/NovalionMedical\/\" \/>\n\t\t<meta name=\"twitter:card\" content=\"summary_large_image\" \/>\n\t\t<meta name=\"twitter:title\" content=\"Stainless Steel Infusion Stand with 25kg Capacity\" \/>\n\t\t<meta name=\"twitter:description\" content=\"25kg Capacity Stainless Steel Infusion Stand, cast iron base, 4 hooks\u2014reliable support for multiple infusion bags in hospitals.\" \/>\n\t\t<meta name=\"twitter:image\" content=\"https:\/\/novalion-med.com\/wp-content\/uploads\/2025\/04\/cropped-343496212_201698782614433_8037205422525878621_n-1.jpg\" \/>\n\t\t<script type=\"application\/ld+json\" class=\"aioseo-schema\">\n\t\t\t{\"@context\":\"https:\\\/\\\/schema.org\",\"@graph\":[{\"@type\":\"BreadcrumbList\",\"@id\":\"https:\\\/\\\/novalion-med.com\\\/es\\\/producto\\\/soporte-de-infusion-de-acero-inoxidable-con-base-de-hierro-fundido-y-25-kg-de-capacidad\\\/#breadcrumblist\",\"itemListElement\":[{\"@type\":\"ListItem\",\"@id\":\"https:\\\/\\\/novalion-med.com\\\/es\\\/#listItem\",\"position\":1,\"name\":\"Home\",\"item\":\"https:\\\/\\\/novalion-med.com\\\/es\\\/\",\"nextItem\":\"https:\\\/\\\/novalion-med.com\\\/es\\\/producto\\\/soporte-de-infusion-de-acero-inoxidable-con-base-de-hierro-fundido-y-25-kg-de-capacidad\\\/#listItem\"},{\"@type\":\"ListItem\",\"@id\":\"https:\\\/\\\/novalion-med.com\\\/es\\\/producto\\\/soporte-de-infusion-de-acero-inoxidable-con-base-de-hierro-fundido-y-25-kg-de-capacidad\\\/#listItem\",\"position\":2,\"name\":\"Stainless Steel Infusion Stand with Cast Iron Base and 25kg Capacity\",\"previousItem\":\"https:\\\/\\\/novalion-med.com\\\/es\\\/#listItem\"}]},{\"@type\":\"Organization\",\"@id\":\"https:\\\/\\\/novalion-med.com\\\/es\\\/#organization\",\"name\":\"novalion-med.com\",\"url\":\"https:\\\/\\\/novalion-med.com\\\/es\\\/\",\"logo\":{\"@type\":\"ImageObject\",\"url\":\"https:\\\/\\\/novalion-med.com\\\/wp-content\\\/uploads\\\/2025\\\/04\\\/cropped-343496212_201698782614433_8037205422525878621_n-1.jpg\",\"@id\":\"https:\\\/\\\/novalion-med.com\\\/es\\\/producto\\\/soporte-de-infusion-de-acero-inoxidable-con-base-de-hierro-fundido-y-25-kg-de-capacidad\\\/#organizationLogo\",\"width\":512,\"height\":512},\"image\":{\"@id\":\"https:\\\/\\\/novalion-med.com\\\/es\\\/producto\\\/soporte-de-infusion-de-acero-inoxidable-con-base-de-hierro-fundido-y-25-kg-de-capacidad\\\/#organizationLogo\"},\"sameAs\":[\"https:\\\/\\\/www.facebook.com\\\/NovalionMedical\\\/\",\"https:\\\/\\\/www.youtube.com\\\/@NwlMedicalInstrument\"],\"contactPoint\":{\"@type\":\"ContactPoint\",\"telephone\":\"+8618326188070\",\"contactType\":\"Sales\"}},{\"@type\":\"Product\",\"@id\":\"https:\\\/\\\/novalion-med.com\\\/es\\\/producto\\\/soporte-de-infusion-de-acero-inoxidable-con-base-de-hierro-fundido-y-25-kg-de-capacidad\\\/#wooCommerceProduct\",\"name\":\"Stainless Steel Infusion Stand with Cast Iron Base and 25kg Capacity\",\"description\":\"This stand balances durability and functionality with a 1.1-2.0 m lifting range, 25 kg load capacity, and a cast iron base for stability. It includes 4 hooks, a regulator, stainless steel pipes, and a cast iron base that provides extra weight to withstand heavy loads. Suitable for hospitals or clinics where reliable support for multiple infusion bags and equipment is essential, ensuring safe and consistent performance.\",\"url\":\"https:\\\/\\\/novalion-med.com\\\/es\\\/producto\\\/soporte-de-infusion-de-acero-inoxidable-con-base-de-hierro-fundido-y-25-kg-de-capacidad\\\/\",\"sku\":\"NL230103-LD28\",\"image\":{\"@type\":\"ImageObject\",\"url\":\"https:\\\/\\\/novalion-med.com\\\/wp-content\\\/uploads\\\/2025\\\/06\\\/NL230103-LD28-Stainless-Steel-Infusion-Stand-with-Cast-Iron-Base-and-25kg-Capacity.jpg\",\"@id\":\"https:\\\/\\\/novalion-med.com\\\/es\\\/producto\\\/soporte-de-infusion-de-acero-inoxidable-con-base-de-hierro-fundido-y-25-kg-de-capacidad\\\/#productImage\",\"width\":1000,\"height\":1000,\"caption\":\"NL230103-LD28 Stainless Steel Infusion Stand with Cast Iron Base and 25kg Capacity\"},\"offers\":{\"@type\":\"Offer\",\"url\":\"https:\\\/\\\/novalion-med.com\\\/es\\\/producto\\\/soporte-de-infusion-de-acero-inoxidable-con-base-de-hierro-fundido-y-25-kg-de-capacidad\\\/#wooCommerceOffer\",\"priceCurrency\":\"PHP\",\"category\":\"Infusion Stands\",\"availability\":\"https:\\\/\\\/schema.org\\\/InStock\",\"seller\":{\"@type\":\"Organization\",\"@id\":\"https:\\\/\\\/novalion-med.com\\\/es\\\/#organization\"},\"price\":111}},{\"@type\":\"WebPage\",\"@id\":\"https:\\\/\\\/novalion-med.com\\\/es\\\/producto\\\/soporte-de-infusion-de-acero-inoxidable-con-base-de-hierro-fundido-y-25-kg-de-capacidad\\\/#webpage\",\"url\":\"https:\\\/\\\/novalion-med.com\\\/es\\\/producto\\\/soporte-de-infusion-de-acero-inoxidable-con-base-de-hierro-fundido-y-25-kg-de-capacidad\\\/\",\"name\":\"Stainless Steel Infusion Stand with 25kg Capacity\",\"description\":\"25kg Capacity Stainless Steel Infusion Stand, cast iron base, 4 hooks\\u2014reliable support for multiple infusion bags in hospitals.\",\"inLanguage\":\"es-ES\",\"isPartOf\":{\"@id\":\"https:\\\/\\\/novalion-med.com\\\/es\\\/#website\"},\"breadcrumb\":{\"@id\":\"https:\\\/\\\/novalion-med.com\\\/es\\\/producto\\\/soporte-de-infusion-de-acero-inoxidable-con-base-de-hierro-fundido-y-25-kg-de-capacidad\\\/#breadcrumblist\"},\"image\":{\"@type\":\"ImageObject\",\"url\":\"https:\\\/\\\/novalion-med.com\\\/wp-content\\\/uploads\\\/2025\\\/06\\\/NL230103-LD28-Stainless-Steel-Infusion-Stand-with-Cast-Iron-Base-and-25kg-Capacity.jpg\",\"@id\":\"https:\\\/\\\/novalion-med.com\\\/es\\\/producto\\\/soporte-de-infusion-de-acero-inoxidable-con-base-de-hierro-fundido-y-25-kg-de-capacidad\\\/#mainImage\",\"width\":1000,\"height\":1000,\"caption\":\"NL230103-LD28 Stainless Steel Infusion Stand with Cast Iron Base and 25kg Capacity\"},\"primaryImageOfPage\":{\"@id\":\"https:\\\/\\\/novalion-med.com\\\/es\\\/producto\\\/soporte-de-infusion-de-acero-inoxidable-con-base-de-hierro-fundido-y-25-kg-de-capacidad\\\/#mainImage\"},\"datePublished\":\"2025-06-19T03:26:36+00:00\",\"dateModified\":\"2025-06-19T03:31:00+00:00\"},{\"@type\":\"WebSite\",\"@id\":\"https:\\\/\\\/novalion-med.com\\\/es\\\/#website\",\"url\":\"https:\\\/\\\/novalion-med.com\\\/es\\\/\",\"name\":\"novalion-med.com\",\"description\":\"Wheelchair, Hospital bed, Walker,Commode chair,Crutch...\",\"inLanguage\":\"es-ES\",\"publisher\":{\"@id\":\"https:\\\/\\\/novalion-med.com\\\/es\\\/#organization\"}}]}\n\t\t<\/script>\n\t\t<!-- All in One SEO Pro -->\r\n\t\t<title>Stainless Steel Infusion Stand with 25kg Capacity<\/title>\n\n","aioseo_head_json":{"title":"Stainless Steel Infusion Stand with 25kg Capacity","description":"25kg Capacity Stainless Steel Infusion Stand, cast iron base, 4 hooks\u2014reliable support for multiple infusion bags in hospitals.","canonical_url":"https:\/\/novalion-med.com\/es\/producto\/soporte-de-infusion-de-acero-inoxidable-con-base-de-hierro-fundido-y-25-kg-de-capacidad\/","robots":"max-image-preview:large","keywords":"","webmasterTools":{"google-site-verification":"XE0Krczs_zYC4qBAqnvyRaNEYa9NQEP4HzU7PPpzxoI","miscellaneous":""},"og:locale":"es_ES","og:site_name":"Novalion Medical \u2013 Wheelchair, Hospital bed, Walker,Commode chair,Crutch...","og:type":"article","og:title":"Stainless Steel Infusion Stand with 25kg Capacity","og:description":"25kg Capacity Stainless Steel Infusion Stand, cast iron base, 4 hooks\u2014reliable support for multiple infusion bags in hospitals.","og:url":"https:\/\/novalion-med.com\/es\/producto\/soporte-de-infusion-de-acero-inoxidable-con-base-de-hierro-fundido-y-25-kg-de-capacidad\/","og:image":"https:\/\/novalion-med.com\/wp-content\/uploads\/2025\/04\/cropped-343496212_201698782614433_8037205422525878621_n-1.jpg","og:image:secure_url":"https:\/\/novalion-med.com\/wp-content\/uploads\/2025\/04\/cropped-343496212_201698782614433_8037205422525878621_n-1.jpg","og:image:width":512,"og:image:height":512,"article:published_time":"2025-06-19T03:26:36+00:00","article:modified_time":"2025-06-19T03:31:00+00:00","article:publisher":"https:\/\/www.facebook.com\/NovalionMedical\/","twitter:card":"summary_large_image","twitter:title":"Stainless Steel Infusion Stand with 25kg Capacity","twitter:description":"25kg Capacity Stainless Steel Infusion Stand, cast iron base, 4 hooks\u2014reliable support for multiple infusion bags in hospitals.","twitter:image":"https:\/\/novalion-med.com\/wp-content\/uploads\/2025\/04\/cropped-343496212_201698782614433_8037205422525878621_n-1.jpg","schema":{"@context":"https:\/\/schema.org","@graph":[{"@type":"BreadcrumbList","@id":"https:\/\/novalion-med.com\/es\/producto\/soporte-de-infusion-de-acero-inoxidable-con-base-de-hierro-fundido-y-25-kg-de-capacidad\/#breadcrumblist","itemListElement":[{"@type":"ListItem","@id":"https:\/\/novalion-med.com\/es\/#listItem","position":1,"name":"Home","item":"https:\/\/novalion-med.com\/es\/","nextItem":"https:\/\/novalion-med.com\/es\/producto\/soporte-de-infusion-de-acero-inoxidable-con-base-de-hierro-fundido-y-25-kg-de-capacidad\/#listItem"},{"@type":"ListItem","@id":"https:\/\/novalion-med.com\/es\/producto\/soporte-de-infusion-de-acero-inoxidable-con-base-de-hierro-fundido-y-25-kg-de-capacidad\/#listItem","position":2,"name":"Stainless Steel Infusion Stand with Cast Iron Base and 25kg Capacity","previousItem":"https:\/\/novalion-med.com\/es\/#listItem"}]},{"@type":"Organization","@id":"https:\/\/novalion-med.com\/es\/#organization","name":"novalion-med.com","url":"https:\/\/novalion-med.com\/es\/","logo":{"@type":"ImageObject","url":"https:\/\/novalion-med.com\/wp-content\/uploads\/2025\/04\/cropped-343496212_201698782614433_8037205422525878621_n-1.jpg","@id":"https:\/\/novalion-med.com\/es\/producto\/soporte-de-infusion-de-acero-inoxidable-con-base-de-hierro-fundido-y-25-kg-de-capacidad\/#organizationLogo","width":512,"height":512},"image":{"@id":"https:\/\/novalion-med.com\/es\/producto\/soporte-de-infusion-de-acero-inoxidable-con-base-de-hierro-fundido-y-25-kg-de-capacidad\/#organizationLogo"},"sameAs":["https:\/\/www.facebook.com\/NovalionMedical\/","https:\/\/www.youtube.com\/@NwlMedicalInstrument"],"contactPoint":{"@type":"ContactPoint","telephone":"+8618326188070","contactType":"Sales"}},{"@type":"Product","@id":"https:\/\/novalion-med.com\/es\/producto\/soporte-de-infusion-de-acero-inoxidable-con-base-de-hierro-fundido-y-25-kg-de-capacidad\/#wooCommerceProduct","name":"Stainless Steel Infusion Stand with Cast Iron Base and 25kg Capacity","description":"This stand balances durability and functionality with a 1.1-2.0 m lifting range, 25 kg load capacity, and a cast iron base for stability. It includes 4 hooks, a regulator, stainless steel pipes, and a cast iron base that provides extra weight to withstand heavy loads. Suitable for hospitals or clinics where reliable support for multiple infusion bags and equipment is essential, ensuring safe and consistent performance.","url":"https:\/\/novalion-med.com\/es\/producto\/soporte-de-infusion-de-acero-inoxidable-con-base-de-hierro-fundido-y-25-kg-de-capacidad\/","sku":"NL230103-LD28","image":{"@type":"ImageObject","url":"https:\/\/novalion-med.com\/wp-content\/uploads\/2025\/06\/NL230103-LD28-Stainless-Steel-Infusion-Stand-with-Cast-Iron-Base-and-25kg-Capacity.jpg","@id":"https:\/\/novalion-med.com\/es\/producto\/soporte-de-infusion-de-acero-inoxidable-con-base-de-hierro-fundido-y-25-kg-de-capacidad\/#productImage","width":1000,"height":1000,"caption":"NL230103-LD28 Stainless Steel Infusion Stand with Cast Iron Base and 25kg Capacity"},"offers":{"@type":"Offer","url":"https:\/\/novalion-med.com\/es\/producto\/soporte-de-infusion-de-acero-inoxidable-con-base-de-hierro-fundido-y-25-kg-de-capacidad\/#wooCommerceOffer","priceCurrency":"PHP","category":"Infusion Stands","availability":"https:\/\/schema.org\/InStock","seller":{"@type":"Organization","@id":"https:\/\/novalion-med.com\/es\/#organization"},"price":111}},{"@type":"WebPage","@id":"https:\/\/novalion-med.com\/es\/producto\/soporte-de-infusion-de-acero-inoxidable-con-base-de-hierro-fundido-y-25-kg-de-capacidad\/#webpage","url":"https:\/\/novalion-med.com\/es\/producto\/soporte-de-infusion-de-acero-inoxidable-con-base-de-hierro-fundido-y-25-kg-de-capacidad\/","name":"Stainless Steel Infusion Stand with 25kg Capacity","description":"25kg Capacity Stainless Steel Infusion Stand, cast iron base, 4 hooks\u2014reliable support for multiple infusion bags in hospitals.","inLanguage":"es-ES","isPartOf":{"@id":"https:\/\/novalion-med.com\/es\/#website"},"breadcrumb":{"@id":"https:\/\/novalion-med.com\/es\/producto\/soporte-de-infusion-de-acero-inoxidable-con-base-de-hierro-fundido-y-25-kg-de-capacidad\/#breadcrumblist"},"image":{"@type":"ImageObject","url":"https:\/\/novalion-med.com\/wp-content\/uploads\/2025\/06\/NL230103-LD28-Stainless-Steel-Infusion-Stand-with-Cast-Iron-Base-and-25kg-Capacity.jpg","@id":"https:\/\/novalion-med.com\/es\/producto\/soporte-de-infusion-de-acero-inoxidable-con-base-de-hierro-fundido-y-25-kg-de-capacidad\/#mainImage","width":1000,"height":1000,"caption":"NL230103-LD28 Stainless Steel Infusion Stand with Cast Iron Base and 25kg Capacity"},"primaryImageOfPage":{"@id":"https:\/\/novalion-med.com\/es\/producto\/soporte-de-infusion-de-acero-inoxidable-con-base-de-hierro-fundido-y-25-kg-de-capacidad\/#mainImage"},"datePublished":"2025-06-19T03:26:36+00:00","dateModified":"2025-06-19T03:31:00+00:00"},{"@type":"WebSite","@id":"https:\/\/novalion-med.com\/es\/#website","url":"https:\/\/novalion-med.com\/es\/","name":"novalion-med.com","description":"Wheelchair, Hospital bed, Walker,Commode chair,Crutch...","inLanguage":"es-ES","publisher":{"@id":"https:\/\/novalion-med.com\/es\/#organization"}}]}},"aioseo_meta_data":{"post_id":"5545","title":"Stainless Steel Infusion Stand with 25kg Capacity","description":"25kg Capacity Stainless Steel Infusion Stand, cast iron base, 4 hooks\u2014reliable support for multiple infusion bags in hospitals.","keywords":"[]","keyphrases":"{\"focus\":{\"keyphrase\":\"\",\"score\":0,\"analysis\":{\"keyphraseInTitle\":{\"score\":0,\"maxScore\":9,\"error\":1}}},\"additional\":[]}","primary_term":null,"canonical_url":null,"og_title":null,"og_description":null,"og_object_type":"default","og_image_type":"default","og_image_url":null,"og_image_width":null,"og_image_height":null,"og_image_custom_url":null,"og_image_custom_fields":null,"og_video":"","og_custom_url":null,"og_article_section":null,"og_article_tags":"[]","twitter_use_og":false,"twitter_card":"default","twitter_image_type":"default","twitter_image_url":null,"twitter_image_custom_url":null,"twitter_image_custom_fields":null,"twitter_title":null,"twitter_description":null,"schema":{"blockGraphs":[],"customGraphs":[],"default":{"data":{"Article":[],"Course":[],"Dataset":[],"FAQPage":[],"Movie":[],"Person":[],"Product":[],"Recipe":[],"Service":[],"SoftwareApplication":[],"WebPage":[]},"graphName":"Product","isEnabled":true},"graphs":[]},"schema_type":"default","schema_type_options":null,"pillar_content":false,"robots_default":true,"robots_noindex":false,"robots_noarchive":false,"robots_nosnippet":false,"robots_nofollow":false,"robots_noimageindex":false,"robots_noodp":false,"robots_notranslate":false,"robots_max_snippet":"-1","robots_max_videopreview":"-1","robots_max_imagepreview":"large","priority":null,"frequency":"default","local_seo":null,"limit_modified_date":false,"created":"2025-06-19 03:26:36","updated":"2025-06-19 03:36:32"},"_links":{"self":[{"href":"https:\/\/novalion-med.com\/es\/wp-json\/wp\/v2\/product\/5545","targetHints":{"allow":["GET"]}}],"collection":[{"href":"https:\/\/novalion-med.com\/es\/wp-json\/wp\/v2\/product"}],"about":[{"href":"https:\/\/novalion-med.com\/es\/wp-json\/wp\/v2\/types\/product"}],"version-history":[{"count":4,"href":"https:\/\/novalion-med.com\/es\/wp-json\/wp\/v2\/product\/5545\/revisions"}],"predecessor-version":[{"id":5549,"href":"https:\/\/novalion-med.com\/es\/wp-json\/wp\/v2\/product\/5545\/revisions\/5549"}],"wp:featuredmedia":[{"embeddable":true,"href":"https:\/\/novalion-med.com\/es\/wp-json\/wp\/v2\/media\/5510"}],"wp:attachment":[{"href":"https:\/\/novalion-med.com\/es\/wp-json\/wp\/v2\/media?parent=5545"}],"wp:term":[{"taxonomy":"product_brand","embeddable":true,"href":"https:\/\/novalion-med.com\/es\/wp-json\/wp\/v2\/product_brand?post=5545"},{"taxonomy":"product_cat","embeddable":true,"href":"https:\/\/novalion-med.com\/es\/wp-json\/wp\/v2\/product_cat?post=5545"},{"taxonomy":"product_tag","embeddable":true,"href":"https:\/\/novalion-med.com\/es\/wp-json\/wp\/v2\/product_tag?post=5545"}],"curies":[{"name":"wp","href":"https:\/\/api.w.org\/{rel}","templated":true}]}}