{"id":5456,"date":"2025-06-18T10:47:47","date_gmt":"2025-06-18T10:47:47","guid":{"rendered":"https:\/\/novalion-med.com\/?post_type=product&#038;p=5456"},"modified":"2025-06-18T11:01:08","modified_gmt":"2025-06-18T11:01:08","slug":"soporte-de-infusion-de-acero-inoxidable-con-4-ganchos","status":"publish","type":"product","link":"https:\/\/novalion-med.com\/es\/producto\/soporte-de-infusion-de-acero-inoxidable-con-4-ganchos\/","title":{"rendered":"Soporte para infusiones de acero inoxidable con 4 ganchos"},"content":{"rendered":"<div data-elementor-type=\"product-post\" data-elementor-id=\"5456\" class=\"elementor elementor-5456\" data-elementor-post-type=\"product\">\n\t\t\t\t<div class=\"elementor-element elementor-element-1c93f1cb e-con-full e-flex e-con e-parent\" data-id=\"1c93f1cb\" data-element_type=\"container\">\n\t\t\t\t<div class=\"elementor-element elementor-element-2240ff1 elementor-widget elementor-widget-heading\" data-id=\"2240ff1\" data-element_type=\"widget\" data-widget_type=\"heading.default\">\n\t\t\t\t<div class=\"elementor-widget-container\">\n\t\t\t\t\t<h2 class=\"elementor-heading-title elementor-size-default\">Soporte para infusiones de acero inoxidable con 4 ganchos<\/h2>\t\t\t\t<\/div>\n\t\t\t\t<\/div>\n\t\t\t\t<div class=\"elementor-element elementor-element-45d8c46 elementor-widget elementor-widget-text-editor\" data-id=\"45d8c46\" data-element_type=\"widget\" data-widget_type=\"text-editor.default\">\n\t\t\t\t<div class=\"elementor-widget-container\">\n\t\t\t\t\t\t\t\t\t<p>El\u00edjalo por sus 4 ganchos que permiten infusiones multil\u00ednea, su acero resistente a la corrosi\u00f3n, su capacidad de ajuste de 110-190 cm y su base estable, perfecto para entornos sanitarios con mucho trabajo que necesitan soporte de medicaci\u00f3n simult\u00e1nea.<\/p>\t\t\t\t\t\t\t\t<\/div>\n\t\t\t\t<\/div>\n\t\t\t\t<div class=\"elementor-element elementor-element-7152afc elementor-widget elementor-widget-text-editor\" data-id=\"7152afc\" data-element_type=\"widget\" data-widget_type=\"text-editor.default\">\n\t\t\t\t<div class=\"elementor-widget-container\">\n\t\t\t\t\t\t\t\t\t<h2>Caracter\u00edsticas principales<\/h2><p>\"Soporte inoxidable de 4 ganchos: soporte de infusi\u00f3n de varias l\u00edneas, posibilidad de ajuste de 110 a 190 cm y acero resistente a la corrosi\u00f3n para configuraciones m\u00e9dicas eficientes\".<\/p><ul><li>4 ganchos para soporte de infusi\u00f3n multil\u00ednea<\/li><li>Material de acero inoxidable 201\/304<\/li><li>Ajuste de altura de 110-190 cm<\/li><li>Base fija estable para entornos sanitarios muy concurridos<\/li><\/ul>\t\t\t\t\t\t\t\t<\/div>\n\t\t\t\t<\/div>\n\t\t\t\t<div class=\"elementor-element elementor-element-3a02177 elementor-widget elementor-widget-text-editor\" data-id=\"3a02177\" data-element_type=\"widget\" data-widget_type=\"text-editor.default\">\n\t\t\t\t<div class=\"elementor-widget-container\">\n\t\t\t\t\t\t\t\t\t<h2>Especificaciones<\/h2><table width=\"160\"><tbody><tr><td width=\"80\">Nombre<\/td><td width=\"80\">\u00a0Soporte para infusiones de acero inoxidable con 4 ganchos<\/td><\/tr><tr><td>Material opcional<\/td><td>\u00a0Acero inoxidable 201\/304<\/td><\/tr><tr><td>Gancho<\/td><td>\u00a04 piezas<\/td><\/tr><tr><td>Altura<\/td><td>\u00a0110-190 cm<\/td><\/tr><tr><td>Base<\/td><td>\u00a020*20*20cm<\/td><\/tr><\/tbody><\/table>\t\t\t\t\t\t\t\t<\/div>\n\t\t\t\t<\/div>\n\t\t\t\t<div class=\"elementor-element elementor-element-2996df9 elementor-widget elementor-widget-text-editor\" data-id=\"2996df9\" data-element_type=\"widget\" data-widget_type=\"text-editor.default\">\n\t\t\t\t<div class=\"elementor-widget-container\">\n\t\t\t\t\t\t\t\t\t<p>Encontrar\u00e1 m\u00e1s equipos m\u00e9dicos en <a href=\"https:\/\/novalion-med.com\/es\/\" target=\"_blank\" rel=\"noopener\">nuestro sitio web<\/a> o <a href=\"https:\/\/api.whatsapp.com\/send\/?phone=%2B008618112908401&amp;text&amp;type=phone_number&amp;app_absent=0\" target=\"_blank\" rel=\"noopener\">nuestro whatsapp<\/a>.<\/p>\t\t\t\t\t\t\t\t<\/div>\n\t\t\t\t<\/div>\n\t\t\t\t<\/div>\n\t\t\t\t<\/div>","protected":false},"excerpt":{"rendered":"<p>Fabricado en acero inoxidable 201\/304 de alta calidad (opcional), este soporte es ideal para situaciones que requieren varias l\u00edneas de infusi\u00f3n. Dispone de 4 robustos ganchos para manejar la administraci\u00f3n simult\u00e1nea de medicaci\u00f3n, una altura ajustable de 110-190 cm para un posicionamiento flexible y una base de 20*20*20 cm que proporciona un soporte estable sin ocupar demasiado espacio en el suelo. El material de acero inoxidable garantiza la durabilidad a largo plazo y el cumplimiento de las normas de higiene m\u00e9dica.<\/p>","protected":false},"featured_media":5435,"template":"elementor_theme","meta":{"site-sidebar-layout":"default","site-content-layout":"","ast-site-content-layout":"default","site-content-style":"default","site-sidebar-style":"default","ast-global-header-display":"","ast-banner-title-visibility":"","ast-main-header-display":"","ast-hfb-above-header-display":"","ast-hfb-below-header-display":"","ast-hfb-mobile-header-display":"","site-post-title":"","ast-breadcrumbs-content":"","ast-featured-img":"","footer-sml-layout":"","theme-transparent-header-meta":"default","adv-header-id-meta":"","stick-header-meta":"default","header-above-stick-meta":"","header-main-stick-meta":"","header-below-stick-meta":"","astra-migrate-meta-layouts":"set","ast-page-background-enabled":"default","ast-page-background-meta":{"desktop":{"background-color":"var(--ast-global-color-4)","background-image":"","background-repeat":"repeat","background-position":"center center","background-size":"auto","background-attachment":"scroll","background-type":"","background-media":"","overlay-type":"","overlay-color":"","overlay-opacity":"","overlay-gradient":""},"tablet":{"background-color":"","background-image":"","background-repeat":"repeat","background-position":"center center","background-size":"auto","background-attachment":"scroll","background-type":"","background-media":"","overlay-type":"","overlay-color":"","overlay-opacity":"","overlay-gradient":""},"mobile":{"background-color":"","background-image":"","background-repeat":"repeat","background-position":"center center","background-size":"auto","background-attachment":"scroll","background-type":"","background-media":"","overlay-type":"","overlay-color":"","overlay-opacity":"","overlay-gradient":""}},"ast-content-background-meta":{"desktop":{"background-color":"var(--ast-global-color-5)","background-image":"","background-repeat":"repeat","background-position":"center center","background-size":"auto","background-attachment":"scroll","background-type":"","background-media":"","overlay-type":"","overlay-color":"","overlay-opacity":"","overlay-gradient":""},"tablet":{"background-color":"var(--ast-global-color-5)","background-image":"","background-repeat":"repeat","background-position":"center center","background-size":"auto","background-attachment":"scroll","background-type":"","background-media":"","overlay-type":"","overlay-color":"","overlay-opacity":"","overlay-gradient":""},"mobile":{"background-color":"var(--ast-global-color-5)","background-image":"","background-repeat":"repeat","background-position":"center center","background-size":"auto","background-attachment":"scroll","background-type":"","background-media":"","overlay-type":"","overlay-color":"","overlay-opacity":"","overlay-gradient":""}}},"product_brand":[],"product_cat":[102],"product_tag":[],"class_list":{"0":"post-5456","1":"product","2":"type-product","3":"status-publish","4":"has-post-thumbnail","6":"product_cat-infusion-stands","7":"desktop-align-center","8":"tablet-align-left","9":"mobile-align-left","10":"ast-product-gallery-layout-horizontal-slider","11":"ast-magnify-disabled","12":"ast-product-tabs-layout-accordion","13":"ast-qv-on-image","15":"first","16":"instock","17":"shipping-taxable","18":"purchasable","19":"product-type-simple"},"aioseo_notices":[],"aioseo_head":"\n\t\t<!-- All in One SEO Pro 4.6.0 - aioseo.com -->\n\t\t<meta name=\"description\" content=\"4-Hook 201\/304 Stainless Steel Infusion Stand, adjustable 110-190cm, 201\/304 steel, stable base\u2014suits multi-line infusion needs.\" \/>\n\t\t<meta name=\"robots\" content=\"max-image-preview:large\" \/>\n\t\t<meta name=\"google-site-verification\" content=\"XE0Krczs_zYC4qBAqnvyRaNEYa9NQEP4HzU7PPpzxoI\" \/>\n\t\t<link rel=\"canonical\" href=\"https:\/\/novalion-med.com\/es\/producto\/soporte-de-infusion-de-acero-inoxidable-con-4-ganchos\/\" \/>\n\t\t<meta name=\"generator\" content=\"All in One SEO Pro (AIOSEO) 4.6.0\" \/>\n\t\t<meta property=\"og:locale\" content=\"es_ES\" \/>\n\t\t<meta property=\"og:site_name\" content=\"Novalion Medical \u2013 Wheelchair, Hospital bed, Walker,Commode chair,Crutch...\" \/>\n\t\t<meta property=\"og:type\" content=\"article\" \/>\n\t\t<meta property=\"og:title\" content=\"Stainless Steel Infusion Stand with 4 Hooks\" \/>\n\t\t<meta property=\"og:description\" content=\"4-Hook 201\/304 Stainless Steel Infusion Stand, adjustable 110-190cm, 201\/304 steel, stable base\u2014suits multi-line infusion needs.\" \/>\n\t\t<meta property=\"og:url\" content=\"https:\/\/novalion-med.com\/es\/producto\/soporte-de-infusion-de-acero-inoxidable-con-4-ganchos\/\" \/>\n\t\t<meta property=\"og:image\" content=\"https:\/\/novalion-med.com\/wp-content\/uploads\/2025\/04\/cropped-343496212_201698782614433_8037205422525878621_n-1.jpg\" \/>\n\t\t<meta property=\"og:image:secure_url\" content=\"https:\/\/novalion-med.com\/wp-content\/uploads\/2025\/04\/cropped-343496212_201698782614433_8037205422525878621_n-1.jpg\" \/>\n\t\t<meta property=\"og:image:width\" content=\"512\" \/>\n\t\t<meta property=\"og:image:height\" content=\"512\" \/>\n\t\t<meta property=\"article:published_time\" content=\"2025-06-18T10:47:47+00:00\" \/>\n\t\t<meta property=\"article:modified_time\" content=\"2025-06-18T11:01:08+00:00\" \/>\n\t\t<meta property=\"article:publisher\" content=\"https:\/\/www.facebook.com\/NovalionMedical\/\" \/>\n\t\t<meta name=\"twitter:card\" content=\"summary_large_image\" \/>\n\t\t<meta name=\"twitter:title\" content=\"Stainless Steel Infusion Stand with 4 Hooks\" \/>\n\t\t<meta name=\"twitter:description\" content=\"4-Hook 201\/304 Stainless Steel Infusion Stand, adjustable 110-190cm, 201\/304 steel, stable base\u2014suits multi-line infusion needs.\" \/>\n\t\t<meta name=\"twitter:image\" content=\"https:\/\/novalion-med.com\/wp-content\/uploads\/2025\/04\/cropped-343496212_201698782614433_8037205422525878621_n-1.jpg\" \/>\n\t\t<script type=\"application\/ld+json\" class=\"aioseo-schema\">\n\t\t\t{\"@context\":\"https:\\\/\\\/schema.org\",\"@graph\":[{\"@type\":\"BreadcrumbList\",\"@id\":\"https:\\\/\\\/novalion-med.com\\\/es\\\/producto\\\/soporte-de-infusion-de-acero-inoxidable-con-4-ganchos\\\/#breadcrumblist\",\"itemListElement\":[{\"@type\":\"ListItem\",\"@id\":\"https:\\\/\\\/novalion-med.com\\\/es\\\/#listItem\",\"position\":1,\"name\":\"Home\",\"item\":\"https:\\\/\\\/novalion-med.com\\\/es\\\/\",\"nextItem\":\"https:\\\/\\\/novalion-med.com\\\/es\\\/producto\\\/soporte-de-infusion-de-acero-inoxidable-con-4-ganchos\\\/#listItem\"},{\"@type\":\"ListItem\",\"@id\":\"https:\\\/\\\/novalion-med.com\\\/es\\\/producto\\\/soporte-de-infusion-de-acero-inoxidable-con-4-ganchos\\\/#listItem\",\"position\":2,\"name\":\"Stainless Steel Infusion Stand with 4 Hooks\",\"previousItem\":\"https:\\\/\\\/novalion-med.com\\\/es\\\/#listItem\"}]},{\"@type\":\"Organization\",\"@id\":\"https:\\\/\\\/novalion-med.com\\\/es\\\/#organization\",\"name\":\"novalion-med.com\",\"url\":\"https:\\\/\\\/novalion-med.com\\\/es\\\/\",\"logo\":{\"@type\":\"ImageObject\",\"url\":\"https:\\\/\\\/novalion-med.com\\\/wp-content\\\/uploads\\\/2025\\\/04\\\/cropped-343496212_201698782614433_8037205422525878621_n-1.jpg\",\"@id\":\"https:\\\/\\\/novalion-med.com\\\/es\\\/producto\\\/soporte-de-infusion-de-acero-inoxidable-con-4-ganchos\\\/#organizationLogo\",\"width\":512,\"height\":512},\"image\":{\"@id\":\"https:\\\/\\\/novalion-med.com\\\/es\\\/producto\\\/soporte-de-infusion-de-acero-inoxidable-con-4-ganchos\\\/#organizationLogo\"},\"sameAs\":[\"https:\\\/\\\/www.facebook.com\\\/NovalionMedical\\\/\",\"https:\\\/\\\/www.youtube.com\\\/@NwlMedicalInstrument\"],\"contactPoint\":{\"@type\":\"ContactPoint\",\"telephone\":\"+8618326188070\",\"contactType\":\"Sales\"}},{\"@type\":\"Product\",\"@id\":\"https:\\\/\\\/novalion-med.com\\\/es\\\/producto\\\/soporte-de-infusion-de-acero-inoxidable-con-4-ganchos\\\/#wooCommerceProduct\",\"name\":\"Stainless Steel Infusion Stand with 4 Hooks\",\"description\":\"Constructed from high-quality stainless steel 201\\\/304 (optional), this stand is ideal for scenarios requiring multiple infusion lines. It features 4 robust hooks to handle simultaneous medication delivery, an adjustable height of 110-190 cm for flexible positioning, and a 20*20*20 cm base that provides steady support without taking up excessive floor space. The stainless steel material ensures long-term durability and compliance with medical hygiene standards.\",\"url\":\"https:\\\/\\\/novalion-med.com\\\/es\\\/producto\\\/soporte-de-infusion-de-acero-inoxidable-con-4-ganchos\\\/\",\"sku\":\"NL2301-SSYJ02\",\"image\":{\"@type\":\"ImageObject\",\"url\":\"https:\\\/\\\/novalion-med.com\\\/wp-content\\\/uploads\\\/2025\\\/06\\\/NL2301-SSYJ02-Stainless-Steel-Infusion-Stand-with-4-Hooks.jpg\",\"@id\":\"https:\\\/\\\/novalion-med.com\\\/es\\\/producto\\\/soporte-de-infusion-de-acero-inoxidable-con-4-ganchos\\\/#productImage\",\"width\":1000,\"height\":1000,\"caption\":\"NL2301-SSYJ02 Stainless Steel Infusion Stand with 4 Hooks\"},\"offers\":{\"@type\":\"Offer\",\"url\":\"https:\\\/\\\/novalion-med.com\\\/es\\\/producto\\\/soporte-de-infusion-de-acero-inoxidable-con-4-ganchos\\\/#wooCommerceOffer\",\"priceCurrency\":\"PHP\",\"category\":\"Infusion Stands\",\"availability\":\"https:\\\/\\\/schema.org\\\/InStock\",\"seller\":{\"@type\":\"Organization\",\"@id\":\"https:\\\/\\\/novalion-med.com\\\/es\\\/#organization\"},\"price\":111}},{\"@type\":\"WebPage\",\"@id\":\"https:\\\/\\\/novalion-med.com\\\/es\\\/producto\\\/soporte-de-infusion-de-acero-inoxidable-con-4-ganchos\\\/#webpage\",\"url\":\"https:\\\/\\\/novalion-med.com\\\/es\\\/producto\\\/soporte-de-infusion-de-acero-inoxidable-con-4-ganchos\\\/\",\"name\":\"Stainless Steel Infusion Stand with 4 Hooks\",\"description\":\"4-Hook 201\\\/304 Stainless Steel Infusion Stand, adjustable 110-190cm, 201\\\/304 steel, stable base\\u2014suits multi-line infusion needs.\",\"inLanguage\":\"es-ES\",\"isPartOf\":{\"@id\":\"https:\\\/\\\/novalion-med.com\\\/es\\\/#website\"},\"breadcrumb\":{\"@id\":\"https:\\\/\\\/novalion-med.com\\\/es\\\/producto\\\/soporte-de-infusion-de-acero-inoxidable-con-4-ganchos\\\/#breadcrumblist\"},\"image\":{\"@type\":\"ImageObject\",\"url\":\"https:\\\/\\\/novalion-med.com\\\/wp-content\\\/uploads\\\/2025\\\/06\\\/NL2301-SSYJ02-Stainless-Steel-Infusion-Stand-with-4-Hooks.jpg\",\"@id\":\"https:\\\/\\\/novalion-med.com\\\/es\\\/producto\\\/soporte-de-infusion-de-acero-inoxidable-con-4-ganchos\\\/#mainImage\",\"width\":1000,\"height\":1000,\"caption\":\"NL2301-SSYJ02 Stainless Steel Infusion Stand with 4 Hooks\"},\"primaryImageOfPage\":{\"@id\":\"https:\\\/\\\/novalion-med.com\\\/es\\\/producto\\\/soporte-de-infusion-de-acero-inoxidable-con-4-ganchos\\\/#mainImage\"},\"datePublished\":\"2025-06-18T10:47:47+00:00\",\"dateModified\":\"2025-06-18T11:01:08+00:00\"},{\"@type\":\"WebSite\",\"@id\":\"https:\\\/\\\/novalion-med.com\\\/es\\\/#website\",\"url\":\"https:\\\/\\\/novalion-med.com\\\/es\\\/\",\"name\":\"novalion-med.com\",\"description\":\"Wheelchair, Hospital bed, Walker,Commode chair,Crutch...\",\"inLanguage\":\"es-ES\",\"publisher\":{\"@id\":\"https:\\\/\\\/novalion-med.com\\\/es\\\/#organization\"}}]}\n\t\t<\/script>\n\t\t<!-- All in One SEO Pro -->\r\n\t\t<title>Stainless Steel Infusion Stand with 4 Hooks<\/title>\n\n","aioseo_head_json":{"title":"Stainless Steel Infusion Stand with 4 Hooks","description":"4-Hook 201\/304 Stainless Steel Infusion Stand, adjustable 110-190cm, 201\/304 steel, stable base\u2014suits multi-line infusion needs.","canonical_url":"https:\/\/novalion-med.com\/es\/producto\/soporte-de-infusion-de-acero-inoxidable-con-4-ganchos\/","robots":"max-image-preview:large","keywords":"","webmasterTools":{"google-site-verification":"XE0Krczs_zYC4qBAqnvyRaNEYa9NQEP4HzU7PPpzxoI","miscellaneous":""},"og:locale":"es_ES","og:site_name":"Novalion Medical \u2013 Wheelchair, Hospital bed, Walker,Commode chair,Crutch...","og:type":"article","og:title":"Stainless Steel Infusion Stand with 4 Hooks","og:description":"4-Hook 201\/304 Stainless Steel Infusion Stand, adjustable 110-190cm, 201\/304 steel, stable base\u2014suits multi-line infusion needs.","og:url":"https:\/\/novalion-med.com\/es\/producto\/soporte-de-infusion-de-acero-inoxidable-con-4-ganchos\/","og:image":"https:\/\/novalion-med.com\/wp-content\/uploads\/2025\/04\/cropped-343496212_201698782614433_8037205422525878621_n-1.jpg","og:image:secure_url":"https:\/\/novalion-med.com\/wp-content\/uploads\/2025\/04\/cropped-343496212_201698782614433_8037205422525878621_n-1.jpg","og:image:width":512,"og:image:height":512,"article:published_time":"2025-06-18T10:47:47+00:00","article:modified_time":"2025-06-18T11:01:08+00:00","article:publisher":"https:\/\/www.facebook.com\/NovalionMedical\/","twitter:card":"summary_large_image","twitter:title":"Stainless Steel Infusion Stand with 4 Hooks","twitter:description":"4-Hook 201\/304 Stainless Steel Infusion Stand, adjustable 110-190cm, 201\/304 steel, stable base\u2014suits multi-line infusion needs.","twitter:image":"https:\/\/novalion-med.com\/wp-content\/uploads\/2025\/04\/cropped-343496212_201698782614433_8037205422525878621_n-1.jpg","schema":{"@context":"https:\/\/schema.org","@graph":[{"@type":"BreadcrumbList","@id":"https:\/\/novalion-med.com\/es\/producto\/soporte-de-infusion-de-acero-inoxidable-con-4-ganchos\/#breadcrumblist","itemListElement":[{"@type":"ListItem","@id":"https:\/\/novalion-med.com\/es\/#listItem","position":1,"name":"Home","item":"https:\/\/novalion-med.com\/es\/","nextItem":"https:\/\/novalion-med.com\/es\/producto\/soporte-de-infusion-de-acero-inoxidable-con-4-ganchos\/#listItem"},{"@type":"ListItem","@id":"https:\/\/novalion-med.com\/es\/producto\/soporte-de-infusion-de-acero-inoxidable-con-4-ganchos\/#listItem","position":2,"name":"Stainless Steel Infusion Stand with 4 Hooks","previousItem":"https:\/\/novalion-med.com\/es\/#listItem"}]},{"@type":"Organization","@id":"https:\/\/novalion-med.com\/es\/#organization","name":"novalion-med.com","url":"https:\/\/novalion-med.com\/es\/","logo":{"@type":"ImageObject","url":"https:\/\/novalion-med.com\/wp-content\/uploads\/2025\/04\/cropped-343496212_201698782614433_8037205422525878621_n-1.jpg","@id":"https:\/\/novalion-med.com\/es\/producto\/soporte-de-infusion-de-acero-inoxidable-con-4-ganchos\/#organizationLogo","width":512,"height":512},"image":{"@id":"https:\/\/novalion-med.com\/es\/producto\/soporte-de-infusion-de-acero-inoxidable-con-4-ganchos\/#organizationLogo"},"sameAs":["https:\/\/www.facebook.com\/NovalionMedical\/","https:\/\/www.youtube.com\/@NwlMedicalInstrument"],"contactPoint":{"@type":"ContactPoint","telephone":"+8618326188070","contactType":"Sales"}},{"@type":"Product","@id":"https:\/\/novalion-med.com\/es\/producto\/soporte-de-infusion-de-acero-inoxidable-con-4-ganchos\/#wooCommerceProduct","name":"Stainless Steel Infusion Stand with 4 Hooks","description":"Constructed from high-quality stainless steel 201\/304 (optional), this stand is ideal for scenarios requiring multiple infusion lines. It features 4 robust hooks to handle simultaneous medication delivery, an adjustable height of 110-190 cm for flexible positioning, and a 20*20*20 cm base that provides steady support without taking up excessive floor space. The stainless steel material ensures long-term durability and compliance with medical hygiene standards.","url":"https:\/\/novalion-med.com\/es\/producto\/soporte-de-infusion-de-acero-inoxidable-con-4-ganchos\/","sku":"NL2301-SSYJ02","image":{"@type":"ImageObject","url":"https:\/\/novalion-med.com\/wp-content\/uploads\/2025\/06\/NL2301-SSYJ02-Stainless-Steel-Infusion-Stand-with-4-Hooks.jpg","@id":"https:\/\/novalion-med.com\/es\/producto\/soporte-de-infusion-de-acero-inoxidable-con-4-ganchos\/#productImage","width":1000,"height":1000,"caption":"NL2301-SSYJ02 Stainless Steel Infusion Stand with 4 Hooks"},"offers":{"@type":"Offer","url":"https:\/\/novalion-med.com\/es\/producto\/soporte-de-infusion-de-acero-inoxidable-con-4-ganchos\/#wooCommerceOffer","priceCurrency":"PHP","category":"Infusion Stands","availability":"https:\/\/schema.org\/InStock","seller":{"@type":"Organization","@id":"https:\/\/novalion-med.com\/es\/#organization"},"price":111}},{"@type":"WebPage","@id":"https:\/\/novalion-med.com\/es\/producto\/soporte-de-infusion-de-acero-inoxidable-con-4-ganchos\/#webpage","url":"https:\/\/novalion-med.com\/es\/producto\/soporte-de-infusion-de-acero-inoxidable-con-4-ganchos\/","name":"Stainless Steel Infusion Stand with 4 Hooks","description":"4-Hook 201\/304 Stainless Steel Infusion Stand, adjustable 110-190cm, 201\/304 steel, stable base\u2014suits multi-line infusion needs.","inLanguage":"es-ES","isPartOf":{"@id":"https:\/\/novalion-med.com\/es\/#website"},"breadcrumb":{"@id":"https:\/\/novalion-med.com\/es\/producto\/soporte-de-infusion-de-acero-inoxidable-con-4-ganchos\/#breadcrumblist"},"image":{"@type":"ImageObject","url":"https:\/\/novalion-med.com\/wp-content\/uploads\/2025\/06\/NL2301-SSYJ02-Stainless-Steel-Infusion-Stand-with-4-Hooks.jpg","@id":"https:\/\/novalion-med.com\/es\/producto\/soporte-de-infusion-de-acero-inoxidable-con-4-ganchos\/#mainImage","width":1000,"height":1000,"caption":"NL2301-SSYJ02 Stainless Steel Infusion Stand with 4 Hooks"},"primaryImageOfPage":{"@id":"https:\/\/novalion-med.com\/es\/producto\/soporte-de-infusion-de-acero-inoxidable-con-4-ganchos\/#mainImage"},"datePublished":"2025-06-18T10:47:47+00:00","dateModified":"2025-06-18T11:01:08+00:00"},{"@type":"WebSite","@id":"https:\/\/novalion-med.com\/es\/#website","url":"https:\/\/novalion-med.com\/es\/","name":"novalion-med.com","description":"Wheelchair, Hospital bed, Walker,Commode chair,Crutch...","inLanguage":"es-ES","publisher":{"@id":"https:\/\/novalion-med.com\/es\/#organization"}}]}},"aioseo_meta_data":{"post_id":"5456","title":"Stainless Steel Infusion Stand with 4 Hooks","description":"4-Hook 201\/304 Stainless Steel Infusion Stand, adjustable 110-190cm, 201\/304 steel, stable base\u2014suits multi-line infusion needs.","keywords":"[]","keyphrases":"{\"focus\":{\"keyphrase\":\"\",\"score\":0,\"analysis\":{\"keyphraseInTitle\":{\"score\":0,\"maxScore\":9,\"error\":1}}},\"additional\":[]}","primary_term":null,"canonical_url":null,"og_title":null,"og_description":null,"og_object_type":"default","og_image_type":"default","og_image_url":null,"og_image_width":null,"og_image_height":null,"og_image_custom_url":null,"og_image_custom_fields":null,"og_video":"","og_custom_url":null,"og_article_section":null,"og_article_tags":"[]","twitter_use_og":false,"twitter_card":"default","twitter_image_type":"default","twitter_image_url":null,"twitter_image_custom_url":null,"twitter_image_custom_fields":null,"twitter_title":null,"twitter_description":null,"schema":{"blockGraphs":[],"customGraphs":[],"default":{"data":{"Article":[],"Course":[],"Dataset":[],"FAQPage":[],"Movie":[],"Person":[],"Product":[],"Recipe":[],"Service":[],"SoftwareApplication":[],"WebPage":[]},"graphName":"Product","isEnabled":true},"graphs":[]},"schema_type":"default","schema_type_options":null,"pillar_content":false,"robots_default":true,"robots_noindex":false,"robots_noarchive":false,"robots_nosnippet":false,"robots_nofollow":false,"robots_noimageindex":false,"robots_noodp":false,"robots_notranslate":false,"robots_max_snippet":"-1","robots_max_videopreview":"-1","robots_max_imagepreview":"large","priority":null,"frequency":"default","local_seo":null,"limit_modified_date":false,"created":"2025-06-18 10:47:47","updated":"2025-06-18 11:14:15"},"_links":{"self":[{"href":"https:\/\/novalion-med.com\/es\/wp-json\/wp\/v2\/product\/5456","targetHints":{"allow":["GET"]}}],"collection":[{"href":"https:\/\/novalion-med.com\/es\/wp-json\/wp\/v2\/product"}],"about":[{"href":"https:\/\/novalion-med.com\/es\/wp-json\/wp\/v2\/types\/product"}],"version-history":[{"count":8,"href":"https:\/\/novalion-med.com\/es\/wp-json\/wp\/v2\/product\/5456\/revisions"}],"predecessor-version":[{"id":5470,"href":"https:\/\/novalion-med.com\/es\/wp-json\/wp\/v2\/product\/5456\/revisions\/5470"}],"wp:featuredmedia":[{"embeddable":true,"href":"https:\/\/novalion-med.com\/es\/wp-json\/wp\/v2\/media\/5435"}],"wp:attachment":[{"href":"https:\/\/novalion-med.com\/es\/wp-json\/wp\/v2\/media?parent=5456"}],"wp:term":[{"taxonomy":"product_brand","embeddable":true,"href":"https:\/\/novalion-med.com\/es\/wp-json\/wp\/v2\/product_brand?post=5456"},{"taxonomy":"product_cat","embeddable":true,"href":"https:\/\/novalion-med.com\/es\/wp-json\/wp\/v2\/product_cat?post=5456"},{"taxonomy":"product_tag","embeddable":true,"href":"https:\/\/novalion-med.com\/es\/wp-json\/wp\/v2\/product_tag?post=5456"}],"curies":[{"name":"wp","href":"https:\/\/api.w.org\/{rel}","templated":true}]}}