{"id":5291,"date":"2025-06-18T03:39:27","date_gmt":"2025-06-18T03:39:27","guid":{"rendered":"https:\/\/novalion-med.com\/?post_type=product&#038;p=5291"},"modified":"2025-09-25T09:29:43","modified_gmt":"2025-09-25T09:29:43","slug":"carro-de-emergencia-abs-mejorado-con-compartimentos-de-almacenamiento-mejorados","status":"publish","type":"product","link":"https:\/\/novalion-med.com\/es\/producto\/carro-de-emergencia-abs-mejorado-con-compartimentos-de-almacenamiento-mejorados\/","title":{"rendered":"Carro de emergencia de ABS mejorado con compartimentos de almacenamiento mejorados"},"content":{"rendered":"<div data-elementor-type=\"product-post\" data-elementor-id=\"5291\" class=\"elementor elementor-5291\" data-elementor-post-type=\"product\">\n\t\t\t\t<div class=\"elementor-element elementor-element-1c93f1cb e-con-full e-flex e-con e-parent\" data-id=\"1c93f1cb\" data-element_type=\"container\">\n\t\t\t\t<div class=\"elementor-element elementor-element-2240ff1 elementor-widget elementor-widget-heading\" data-id=\"2240ff1\" data-element_type=\"widget\" data-widget_type=\"heading.default\">\n\t\t\t\t<div class=\"elementor-widget-container\">\n\t\t\t\t\t<h2 class=\"elementor-heading-title elementor-size-default\">Carro de emergencia de ABS mejorado con compartimentos de almacenamiento mejorados<\/h2>\t\t\t\t<\/div>\n\t\t\t\t<\/div>\n\t\t\t\t<div class=\"elementor-element elementor-element-45d8c46 elementor-widget elementor-widget-text-editor\" data-id=\"45d8c46\" data-element_type=\"widget\" data-widget_type=\"text-editor.default\">\n\t\t\t\t<div class=\"elementor-widget-container\">\n\t\t\t\t\t\t\t\t\t<p>Actualizado con caja de almacenamiento en el lado izquierdo para suministros cr\u00edticos, garantiza un acceso r\u00e1pido durante las emergencias, la tabla de RCP y el cable de alimentaci\u00f3n mejoran la eficacia de la reanimaci\u00f3n, y unas dimensiones vers\u00e1tiles con capacidad organizativa ampliada.<\/p>\t\t\t\t\t\t\t\t<\/div>\n\t\t\t\t<\/div>\n\t\t\t\t<div class=\"elementor-element elementor-element-7152afc elementor-widget elementor-widget-text-editor\" data-id=\"7152afc\" data-element_type=\"widget\" data-widget_type=\"text-editor.default\">\n\t\t\t\t<div class=\"elementor-widget-container\">\n\t\t\t\t\t\t\t\t\t<h2>Caracter\u00edsticas principales<\/h2><p>\"Aumente la eficiencia en emergencias con almacenamiento mejorado, ahora con una caja adicional en el lado izquierdo para herramientas esenciales, perfecta para situaciones de reanimaci\u00f3n de alto riesgo\".<\/p><ul><li>Almacenamiento mejorado: caja de almacenamiento adicional en el lado izquierdo<\/li><li>Configuraci\u00f3n de cajones de 5 capas (2S, 2M, 1L)<\/li><li>Funciones de emergencia integradas: Tabla de RCP, soporte de ox\u00edgeno<\/li><li>Sobremesa con plataforma para instrumentos y marco de infusi\u00f3n<\/li><li>Opciones multicolor y dos tama\u00f1os<\/li><\/ul>\t\t\t\t\t\t\t\t<\/div>\n\t\t\t\t<\/div>\n\t\t\t\t<div class=\"elementor-element elementor-element-3a02177 elementor-widget elementor-widget-text-editor\" data-id=\"3a02177\" data-element_type=\"widget\" data-widget_type=\"text-editor.default\">\n\t\t\t\t<div class=\"elementor-widget-container\">\n\t\t\t\t\t\t\t\t\t<h2>Especificaciones<\/h2><table width=\"160\"><tbody><tr><td width=\"80\">Caj\u00f3n<\/td><td width=\"80\">\u00a0Caj\u00f3n de 5 capas (2 peque\u00f1as, 2 medianas y 1 grande)<\/td><\/tr><tr><td>Lado izquierdo<\/td><td>\u00a01 mesa de trabajo, 1 caja de almacenamiento, 1 caja de informaci\u00f3n<\/td><\/tr><tr><td>Lado derecho<\/td><td>\u00a02 cubos de basura, barril de agujas cortas<\/td><\/tr><tr><td>Volver<\/td><td>\u00a0Tabla de RCP, soporte para botella de ox\u00edgeno, cable de alimentaci\u00f3n<\/td><\/tr><tr><td>Escritorio<\/td><td>\u00a0plataforma de instrumentos, marco de infusi\u00f3n, barril de aguja de segmento<\/td><\/tr><tr><td>Color<\/td><td>\u00a0multicolor opcional<\/td><\/tr><tr><td>Talla<\/td><td>\u00a0750*480*920mm, 850*520*920mm<\/td><\/tr><\/tbody><\/table>\t\t\t\t\t\t\t\t<\/div>\n\t\t\t\t<\/div>\n\t\t\t\t<div class=\"elementor-element elementor-element-2996df9 elementor-widget elementor-widget-text-editor\" data-id=\"2996df9\" data-element_type=\"widget\" data-widget_type=\"text-editor.default\">\n\t\t\t\t<div class=\"elementor-widget-container\">\n\t\t\t\t\t\t\t\t\t<p>Encontrar\u00e1 m\u00e1s equipos m\u00e9dicos en <a href=\"https:\/\/novalion-med.com\/es\/\" target=\"_blank\" rel=\"noopener\">nuestro sitio web<\/a> o <a href=\"https:\/\/api.whatsapp.com\/send\/?phone=%2B008618112908401&amp;text&amp;type=phone_number&amp;app_absent=0\" target=\"_blank\" rel=\"noopener\">nuestro whatsapp<\/a>.<\/p>\t\t\t\t\t\t\t\t<\/div>\n\t\t\t\t<\/div>\n\t\t\t\t<\/div>\n\t\t\t\t<\/div>","protected":false},"excerpt":{"rendered":"<p>Sistema de cajones de cinco niveles (2 peque\u00f1os, 2 medianos, 1 grande) con caja de almacenamiento a\u00f1adida en el lado izquierdo, junto a una mesa de trabajo y una caja de informaci\u00f3n. El lado derecho incluye dos cubos de basura y un barril de agujas cortas. El panel trasero incluye la placa de RCP, el soporte de ox\u00edgeno y el cable de alimentaci\u00f3n. Elementos esenciales de sobremesa: plataforma de instrumentos, bastidor de infusi\u00f3n, portaagujas segmentado. Opciones multicolor, tama\u00f1os: 750\u00d7480\u00d7920mm \/ 850\u00d7520\u00d7920mm.<\/p>","protected":false},"featured_media":9529,"template":"elementor_theme","meta":{"site-sidebar-layout":"default","site-content-layout":"","ast-site-content-layout":"default","site-content-style":"default","site-sidebar-style":"default","ast-global-header-display":"","ast-banner-title-visibility":"","ast-main-header-display":"","ast-hfb-above-header-display":"","ast-hfb-below-header-display":"","ast-hfb-mobile-header-display":"","site-post-title":"","ast-breadcrumbs-content":"","ast-featured-img":"","footer-sml-layout":"","theme-transparent-header-meta":"default","adv-header-id-meta":"","stick-header-meta":"default","header-above-stick-meta":"","header-main-stick-meta":"","header-below-stick-meta":"","astra-migrate-meta-layouts":"set","ast-page-background-enabled":"default","ast-page-background-meta":{"desktop":{"background-color":"var(--ast-global-color-4)","background-image":"","background-repeat":"repeat","background-position":"center center","background-size":"auto","background-attachment":"scroll","background-type":"","background-media":"","overlay-type":"","overlay-color":"","overlay-opacity":"","overlay-gradient":""},"tablet":{"background-color":"","background-image":"","background-repeat":"repeat","background-position":"center center","background-size":"auto","background-attachment":"scroll","background-type":"","background-media":"","overlay-type":"","overlay-color":"","overlay-opacity":"","overlay-gradient":""},"mobile":{"background-color":"","background-image":"","background-repeat":"repeat","background-position":"center center","background-size":"auto","background-attachment":"scroll","background-type":"","background-media":"","overlay-type":"","overlay-color":"","overlay-opacity":"","overlay-gradient":""}},"ast-content-background-meta":{"desktop":{"background-color":"var(--ast-global-color-5)","background-image":"","background-repeat":"repeat","background-position":"center center","background-size":"auto","background-attachment":"scroll","background-type":"","background-media":"","overlay-type":"","overlay-color":"","overlay-opacity":"","overlay-gradient":""},"tablet":{"background-color":"var(--ast-global-color-5)","background-image":"","background-repeat":"repeat","background-position":"center center","background-size":"auto","background-attachment":"scroll","background-type":"","background-media":"","overlay-type":"","overlay-color":"","overlay-opacity":"","overlay-gradient":""},"mobile":{"background-color":"var(--ast-global-color-5)","background-image":"","background-repeat":"repeat","background-position":"center center","background-size":"auto","background-attachment":"scroll","background-type":"","background-media":"","overlay-type":"","overlay-color":"","overlay-opacity":"","overlay-gradient":""}}},"product_brand":[],"product_cat":[100],"product_tag":[],"class_list":{"0":"post-5291","1":"product","2":"type-product","3":"status-publish","4":"has-post-thumbnail","6":"product_cat-abs-medical-trolleys","7":"desktop-align-center","8":"tablet-align-left","9":"mobile-align-left","10":"ast-product-gallery-layout-horizontal-slider","11":"ast-magnify-disabled","12":"ast-product-tabs-layout-accordion","13":"ast-qv-on-image","15":"first","16":"instock","17":"shipping-taxable","18":"purchasable","19":"product-type-simple"},"aioseo_notices":[],"aioseo_head":"\n\t\t<!-- All in One SEO Pro 4.6.0 - aioseo.com -->\n\t\t<meta name=\"description\" content=\"Upgraded ABS emergency trolley: 5 drawers, left storage box\/worktable\/info box. Desktop: instrument platform\/infusion frame. 750\u00d7480\u00d7920mm\/850\u00d7520\u00d7920mm.\" \/>\n\t\t<meta name=\"robots\" content=\"max-image-preview:large\" \/>\n\t\t<meta name=\"google-site-verification\" content=\"XE0Krczs_zYC4qBAqnvyRaNEYa9NQEP4HzU7PPpzxoI\" \/>\n\t\t<link rel=\"canonical\" href=\"https:\/\/novalion-med.com\/es\/producto\/carro-de-emergencia-abs-mejorado-con-compartimentos-de-almacenamiento-mejorados\/\" \/>\n\t\t<meta name=\"generator\" content=\"All in One SEO Pro (AIOSEO) 4.6.0\" \/>\n\t\t<meta property=\"og:locale\" content=\"es_ES\" \/>\n\t\t<meta property=\"og:site_name\" content=\"Novalion Medical \u2013 Wheelchair, Hospital bed, Walker,Commode chair,Crutch...\" \/>\n\t\t<meta property=\"og:type\" content=\"article\" \/>\n\t\t<meta property=\"og:title\" content=\"Upgraded ABS Emergency Trolley: Enhanced Storage &amp; Workspace\" \/>\n\t\t<meta property=\"og:description\" content=\"Upgraded ABS emergency trolley: 5 drawers, left storage box\/worktable\/info box. Desktop: instrument platform\/infusion frame. 750\u00d7480\u00d7920mm\/850\u00d7520\u00d7920mm.\" \/>\n\t\t<meta property=\"og:url\" content=\"https:\/\/novalion-med.com\/es\/producto\/carro-de-emergencia-abs-mejorado-con-compartimentos-de-almacenamiento-mejorados\/\" \/>\n\t\t<meta property=\"og:image\" content=\"https:\/\/novalion-med.com\/wp-content\/uploads\/2025\/04\/cropped-343496212_201698782614433_8037205422525878621_n-1.jpg\" \/>\n\t\t<meta property=\"og:image:secure_url\" content=\"https:\/\/novalion-med.com\/wp-content\/uploads\/2025\/04\/cropped-343496212_201698782614433_8037205422525878621_n-1.jpg\" \/>\n\t\t<meta property=\"og:image:width\" content=\"512\" \/>\n\t\t<meta property=\"og:image:height\" content=\"512\" \/>\n\t\t<meta property=\"article:published_time\" content=\"2025-06-18T03:39:27+00:00\" \/>\n\t\t<meta property=\"article:modified_time\" content=\"2025-09-25T09:29:43+00:00\" \/>\n\t\t<meta property=\"article:publisher\" content=\"https:\/\/www.facebook.com\/NovalionMedical\/\" \/>\n\t\t<meta name=\"twitter:card\" content=\"summary_large_image\" \/>\n\t\t<meta name=\"twitter:title\" content=\"Upgraded ABS Emergency Trolley: Enhanced Storage &amp; Workspace\" \/>\n\t\t<meta name=\"twitter:description\" content=\"Upgraded ABS emergency trolley: 5 drawers, left storage box\/worktable\/info box. Desktop: instrument platform\/infusion frame. 750\u00d7480\u00d7920mm\/850\u00d7520\u00d7920mm.\" \/>\n\t\t<meta name=\"twitter:image\" content=\"https:\/\/novalion-med.com\/wp-content\/uploads\/2025\/04\/cropped-343496212_201698782614433_8037205422525878621_n-1.jpg\" \/>\n\t\t<script type=\"application\/ld+json\" class=\"aioseo-schema\">\n\t\t\t{\"@context\":\"https:\\\/\\\/schema.org\",\"@graph\":[{\"@type\":\"BreadcrumbList\",\"@id\":\"https:\\\/\\\/novalion-med.com\\\/es\\\/producto\\\/carro-de-emergencia-abs-mejorado-con-compartimentos-de-almacenamiento-mejorados\\\/#breadcrumblist\",\"itemListElement\":[{\"@type\":\"ListItem\",\"@id\":\"https:\\\/\\\/novalion-med.com\\\/es\\\/#listItem\",\"position\":1,\"name\":\"Home\",\"item\":\"https:\\\/\\\/novalion-med.com\\\/es\\\/\",\"nextItem\":\"https:\\\/\\\/novalion-med.com\\\/es\\\/producto\\\/carro-de-emergencia-abs-mejorado-con-compartimentos-de-almacenamiento-mejorados\\\/#listItem\"},{\"@type\":\"ListItem\",\"@id\":\"https:\\\/\\\/novalion-med.com\\\/es\\\/producto\\\/carro-de-emergencia-abs-mejorado-con-compartimentos-de-almacenamiento-mejorados\\\/#listItem\",\"position\":2,\"name\":\"Upgraded ABS Emergency Trolley with Enhanced Storage Compartments\",\"previousItem\":\"https:\\\/\\\/novalion-med.com\\\/es\\\/#listItem\"}]},{\"@type\":\"Organization\",\"@id\":\"https:\\\/\\\/novalion-med.com\\\/es\\\/#organization\",\"name\":\"novalion-med.com\",\"url\":\"https:\\\/\\\/novalion-med.com\\\/es\\\/\",\"logo\":{\"@type\":\"ImageObject\",\"url\":\"https:\\\/\\\/novalion-med.com\\\/wp-content\\\/uploads\\\/2025\\\/04\\\/cropped-343496212_201698782614433_8037205422525878621_n-1.jpg\",\"@id\":\"https:\\\/\\\/novalion-med.com\\\/es\\\/producto\\\/carro-de-emergencia-abs-mejorado-con-compartimentos-de-almacenamiento-mejorados\\\/#organizationLogo\",\"width\":512,\"height\":512},\"image\":{\"@id\":\"https:\\\/\\\/novalion-med.com\\\/es\\\/producto\\\/carro-de-emergencia-abs-mejorado-con-compartimentos-de-almacenamiento-mejorados\\\/#organizationLogo\"},\"sameAs\":[\"https:\\\/\\\/www.facebook.com\\\/NovalionMedical\\\/\",\"https:\\\/\\\/www.youtube.com\\\/@NwlMedicalInstrument\"],\"contactPoint\":{\"@type\":\"ContactPoint\",\"telephone\":\"+8618326188070\",\"contactType\":\"Sales\"}},{\"@type\":\"Product\",\"@id\":\"https:\\\/\\\/novalion-med.com\\\/es\\\/producto\\\/carro-de-emergencia-abs-mejorado-con-compartimentos-de-almacenamiento-mejorados\\\/#wooCommerceProduct\",\"name\":\"Upgraded ABS Emergency Trolley with Enhanced Storage Compartments\",\"description\":\"Five-layer drawer system (2 small, 2 medium, 1 large) with added storage box on the left side, alongside a worktable and info box. Right side includes two trash cans and a short needle barrel. Back panel features CPR board, oxygen bracket, and power cord. Desktop essentials: instrument platform, infusion frame, segment needle barrel. Multi-color options, sizes: 750\\u00d7480\\u00d7920mm \\\/ 850\\u00d7520\\u00d7920mm.\",\"url\":\"https:\\\/\\\/novalion-med.com\\\/es\\\/producto\\\/carro-de-emergencia-abs-mejorado-con-compartimentos-de-almacenamiento-mejorados\\\/\",\"sku\":\"NL230101001-ET750E\",\"image\":{\"@type\":\"ImageObject\",\"url\":\"https:\\\/\\\/novalion-med.com\\\/wp-content\\\/uploads\\\/2025\\\/06\\\/NL230101001-ET750E-Upgraded-ABS-Emergency-Trolley-with-Enhanced-Storage-Compartments.jpg\",\"@id\":\"https:\\\/\\\/novalion-med.com\\\/es\\\/producto\\\/carro-de-emergencia-abs-mejorado-con-compartimentos-de-almacenamiento-mejorados\\\/#productImage\",\"width\":1000,\"height\":1000,\"caption\":\"NL230101001-ET750E Upgraded ABS Emergency Trolley with Enhanced Storage Compartments\"},\"offers\":{\"@type\":\"Offer\",\"url\":\"https:\\\/\\\/novalion-med.com\\\/es\\\/producto\\\/carro-de-emergencia-abs-mejorado-con-compartimentos-de-almacenamiento-mejorados\\\/#wooCommerceOffer\",\"priceCurrency\":\"PHP\",\"category\":\"ABS Medical Trolleys\",\"availability\":\"https:\\\/\\\/schema.org\\\/InStock\",\"seller\":{\"@type\":\"Organization\",\"@id\":\"https:\\\/\\\/novalion-med.com\\\/es\\\/#organization\"},\"price\":111}},{\"@type\":\"WebPage\",\"@id\":\"https:\\\/\\\/novalion-med.com\\\/es\\\/producto\\\/carro-de-emergencia-abs-mejorado-con-compartimentos-de-almacenamiento-mejorados\\\/#webpage\",\"url\":\"https:\\\/\\\/novalion-med.com\\\/es\\\/producto\\\/carro-de-emergencia-abs-mejorado-con-compartimentos-de-almacenamiento-mejorados\\\/\",\"name\":\"Upgraded ABS Emergency Trolley: Enhanced Storage & Workspace\",\"description\":\"Upgraded ABS emergency trolley: 5 drawers, left storage box\\\/worktable\\\/info box. Desktop: instrument platform\\\/infusion frame. 750\\u00d7480\\u00d7920mm\\\/850\\u00d7520\\u00d7920mm.\",\"inLanguage\":\"es-ES\",\"isPartOf\":{\"@id\":\"https:\\\/\\\/novalion-med.com\\\/es\\\/#website\"},\"breadcrumb\":{\"@id\":\"https:\\\/\\\/novalion-med.com\\\/es\\\/producto\\\/carro-de-emergencia-abs-mejorado-con-compartimentos-de-almacenamiento-mejorados\\\/#breadcrumblist\"},\"image\":{\"@type\":\"ImageObject\",\"url\":\"https:\\\/\\\/novalion-med.com\\\/wp-content\\\/uploads\\\/2025\\\/06\\\/NL230101001-ET750E-Upgraded-ABS-Emergency-Trolley-with-Enhanced-Storage-Compartments.jpg\",\"@id\":\"https:\\\/\\\/novalion-med.com\\\/es\\\/producto\\\/carro-de-emergencia-abs-mejorado-con-compartimentos-de-almacenamiento-mejorados\\\/#mainImage\",\"width\":1000,\"height\":1000,\"caption\":\"NL230101001-ET750E Upgraded ABS Emergency Trolley with Enhanced Storage Compartments\"},\"primaryImageOfPage\":{\"@id\":\"https:\\\/\\\/novalion-med.com\\\/es\\\/producto\\\/carro-de-emergencia-abs-mejorado-con-compartimentos-de-almacenamiento-mejorados\\\/#mainImage\"},\"datePublished\":\"2025-06-18T03:39:27+00:00\",\"dateModified\":\"2025-09-25T09:29:43+00:00\"},{\"@type\":\"WebSite\",\"@id\":\"https:\\\/\\\/novalion-med.com\\\/es\\\/#website\",\"url\":\"https:\\\/\\\/novalion-med.com\\\/es\\\/\",\"name\":\"novalion-med.com\",\"description\":\"Wheelchair, Hospital bed, Walker,Commode chair,Crutch...\",\"inLanguage\":\"es-ES\",\"publisher\":{\"@id\":\"https:\\\/\\\/novalion-med.com\\\/es\\\/#organization\"}}]}\n\t\t<\/script>\n\t\t<!-- All in One SEO Pro -->\r\n\t\t<title>Upgraded ABS Emergency Trolley: Enhanced Storage &amp; Workspace<\/title>\n\n","aioseo_head_json":{"title":"Upgraded ABS Emergency Trolley: Enhanced Storage & Workspace","description":"Upgraded ABS emergency trolley: 5 drawers, left storage box\/worktable\/info box. Desktop: instrument platform\/infusion frame. 750\u00d7480\u00d7920mm\/850\u00d7520\u00d7920mm.","canonical_url":"https:\/\/novalion-med.com\/es\/producto\/carro-de-emergencia-abs-mejorado-con-compartimentos-de-almacenamiento-mejorados\/","robots":"max-image-preview:large","keywords":"","webmasterTools":{"google-site-verification":"XE0Krczs_zYC4qBAqnvyRaNEYa9NQEP4HzU7PPpzxoI","miscellaneous":""},"og:locale":"es_ES","og:site_name":"Novalion Medical \u2013 Wheelchair, Hospital bed, Walker,Commode chair,Crutch...","og:type":"article","og:title":"Upgraded ABS Emergency Trolley: Enhanced Storage &amp; Workspace","og:description":"Upgraded ABS emergency trolley: 5 drawers, left storage box\/worktable\/info box. Desktop: instrument platform\/infusion frame. 750\u00d7480\u00d7920mm\/850\u00d7520\u00d7920mm.","og:url":"https:\/\/novalion-med.com\/es\/producto\/carro-de-emergencia-abs-mejorado-con-compartimentos-de-almacenamiento-mejorados\/","og:image":"https:\/\/novalion-med.com\/wp-content\/uploads\/2025\/04\/cropped-343496212_201698782614433_8037205422525878621_n-1.jpg","og:image:secure_url":"https:\/\/novalion-med.com\/wp-content\/uploads\/2025\/04\/cropped-343496212_201698782614433_8037205422525878621_n-1.jpg","og:image:width":512,"og:image:height":512,"article:published_time":"2025-06-18T03:39:27+00:00","article:modified_time":"2025-09-25T09:29:43+00:00","article:publisher":"https:\/\/www.facebook.com\/NovalionMedical\/","twitter:card":"summary_large_image","twitter:title":"Upgraded ABS Emergency Trolley: Enhanced Storage &amp; Workspace","twitter:description":"Upgraded ABS emergency trolley: 5 drawers, left storage box\/worktable\/info box. Desktop: instrument platform\/infusion frame. 750\u00d7480\u00d7920mm\/850\u00d7520\u00d7920mm.","twitter:image":"https:\/\/novalion-med.com\/wp-content\/uploads\/2025\/04\/cropped-343496212_201698782614433_8037205422525878621_n-1.jpg","schema":{"@context":"https:\/\/schema.org","@graph":[{"@type":"BreadcrumbList","@id":"https:\/\/novalion-med.com\/es\/producto\/carro-de-emergencia-abs-mejorado-con-compartimentos-de-almacenamiento-mejorados\/#breadcrumblist","itemListElement":[{"@type":"ListItem","@id":"https:\/\/novalion-med.com\/es\/#listItem","position":1,"name":"Home","item":"https:\/\/novalion-med.com\/es\/","nextItem":"https:\/\/novalion-med.com\/es\/producto\/carro-de-emergencia-abs-mejorado-con-compartimentos-de-almacenamiento-mejorados\/#listItem"},{"@type":"ListItem","@id":"https:\/\/novalion-med.com\/es\/producto\/carro-de-emergencia-abs-mejorado-con-compartimentos-de-almacenamiento-mejorados\/#listItem","position":2,"name":"Upgraded ABS Emergency Trolley with Enhanced Storage Compartments","previousItem":"https:\/\/novalion-med.com\/es\/#listItem"}]},{"@type":"Organization","@id":"https:\/\/novalion-med.com\/es\/#organization","name":"novalion-med.com","url":"https:\/\/novalion-med.com\/es\/","logo":{"@type":"ImageObject","url":"https:\/\/novalion-med.com\/wp-content\/uploads\/2025\/04\/cropped-343496212_201698782614433_8037205422525878621_n-1.jpg","@id":"https:\/\/novalion-med.com\/es\/producto\/carro-de-emergencia-abs-mejorado-con-compartimentos-de-almacenamiento-mejorados\/#organizationLogo","width":512,"height":512},"image":{"@id":"https:\/\/novalion-med.com\/es\/producto\/carro-de-emergencia-abs-mejorado-con-compartimentos-de-almacenamiento-mejorados\/#organizationLogo"},"sameAs":["https:\/\/www.facebook.com\/NovalionMedical\/","https:\/\/www.youtube.com\/@NwlMedicalInstrument"],"contactPoint":{"@type":"ContactPoint","telephone":"+8618326188070","contactType":"Sales"}},{"@type":"Product","@id":"https:\/\/novalion-med.com\/es\/producto\/carro-de-emergencia-abs-mejorado-con-compartimentos-de-almacenamiento-mejorados\/#wooCommerceProduct","name":"Upgraded ABS Emergency Trolley with Enhanced Storage Compartments","description":"Five-layer drawer system (2 small, 2 medium, 1 large) with added storage box on the left side, alongside a worktable and info box. Right side includes two trash cans and a short needle barrel. Back panel features CPR board, oxygen bracket, and power cord. Desktop essentials: instrument platform, infusion frame, segment needle barrel. Multi-color options, sizes: 750\u00d7480\u00d7920mm \/ 850\u00d7520\u00d7920mm.","url":"https:\/\/novalion-med.com\/es\/producto\/carro-de-emergencia-abs-mejorado-con-compartimentos-de-almacenamiento-mejorados\/","sku":"NL230101001-ET750E","image":{"@type":"ImageObject","url":"https:\/\/novalion-med.com\/wp-content\/uploads\/2025\/06\/NL230101001-ET750E-Upgraded-ABS-Emergency-Trolley-with-Enhanced-Storage-Compartments.jpg","@id":"https:\/\/novalion-med.com\/es\/producto\/carro-de-emergencia-abs-mejorado-con-compartimentos-de-almacenamiento-mejorados\/#productImage","width":1000,"height":1000,"caption":"NL230101001-ET750E Upgraded ABS Emergency Trolley with Enhanced Storage Compartments"},"offers":{"@type":"Offer","url":"https:\/\/novalion-med.com\/es\/producto\/carro-de-emergencia-abs-mejorado-con-compartimentos-de-almacenamiento-mejorados\/#wooCommerceOffer","priceCurrency":"PHP","category":"ABS Medical Trolleys","availability":"https:\/\/schema.org\/InStock","seller":{"@type":"Organization","@id":"https:\/\/novalion-med.com\/es\/#organization"},"price":111}},{"@type":"WebPage","@id":"https:\/\/novalion-med.com\/es\/producto\/carro-de-emergencia-abs-mejorado-con-compartimentos-de-almacenamiento-mejorados\/#webpage","url":"https:\/\/novalion-med.com\/es\/producto\/carro-de-emergencia-abs-mejorado-con-compartimentos-de-almacenamiento-mejorados\/","name":"Upgraded ABS Emergency Trolley: Enhanced Storage & Workspace","description":"Upgraded ABS emergency trolley: 5 drawers, left storage box\/worktable\/info box. Desktop: instrument platform\/infusion frame. 750\u00d7480\u00d7920mm\/850\u00d7520\u00d7920mm.","inLanguage":"es-ES","isPartOf":{"@id":"https:\/\/novalion-med.com\/es\/#website"},"breadcrumb":{"@id":"https:\/\/novalion-med.com\/es\/producto\/carro-de-emergencia-abs-mejorado-con-compartimentos-de-almacenamiento-mejorados\/#breadcrumblist"},"image":{"@type":"ImageObject","url":"https:\/\/novalion-med.com\/wp-content\/uploads\/2025\/06\/NL230101001-ET750E-Upgraded-ABS-Emergency-Trolley-with-Enhanced-Storage-Compartments.jpg","@id":"https:\/\/novalion-med.com\/es\/producto\/carro-de-emergencia-abs-mejorado-con-compartimentos-de-almacenamiento-mejorados\/#mainImage","width":1000,"height":1000,"caption":"NL230101001-ET750E Upgraded ABS Emergency Trolley with Enhanced Storage Compartments"},"primaryImageOfPage":{"@id":"https:\/\/novalion-med.com\/es\/producto\/carro-de-emergencia-abs-mejorado-con-compartimentos-de-almacenamiento-mejorados\/#mainImage"},"datePublished":"2025-06-18T03:39:27+00:00","dateModified":"2025-09-25T09:29:43+00:00"},{"@type":"WebSite","@id":"https:\/\/novalion-med.com\/es\/#website","url":"https:\/\/novalion-med.com\/es\/","name":"novalion-med.com","description":"Wheelchair, Hospital bed, Walker,Commode chair,Crutch...","inLanguage":"es-ES","publisher":{"@id":"https:\/\/novalion-med.com\/es\/#organization"}}]}},"aioseo_meta_data":{"post_id":"5291","title":"Upgraded ABS Emergency Trolley: Enhanced Storage &amp; Workspace","description":"Upgraded ABS emergency trolley: 5 drawers, left storage box\/worktable\/info box. Desktop: instrument platform\/infusion frame. 750\u00d7480\u00d7920mm\/850\u00d7520\u00d7920mm.","keywords":"[]","keyphrases":"{\"focus\":{\"keyphrase\":\"\",\"score\":0,\"analysis\":{\"keyphraseInTitle\":{\"score\":0,\"maxScore\":9,\"error\":1}}},\"additional\":[]}","primary_term":null,"canonical_url":null,"og_title":null,"og_description":null,"og_object_type":"default","og_image_type":"default","og_image_url":null,"og_image_width":null,"og_image_height":null,"og_image_custom_url":null,"og_image_custom_fields":null,"og_video":"","og_custom_url":null,"og_article_section":null,"og_article_tags":"[]","twitter_use_og":false,"twitter_card":"default","twitter_image_type":"default","twitter_image_url":null,"twitter_image_custom_url":null,"twitter_image_custom_fields":null,"twitter_title":null,"twitter_description":null,"schema":{"blockGraphs":[],"customGraphs":[],"default":{"data":{"Article":[],"Course":[],"Dataset":[],"FAQPage":[],"Movie":[],"Person":[],"Product":[],"Recipe":[],"Service":[],"SoftwareApplication":[],"WebPage":[]},"graphName":"Product","isEnabled":true},"graphs":[]},"schema_type":"default","schema_type_options":null,"pillar_content":false,"robots_default":true,"robots_noindex":false,"robots_noarchive":false,"robots_nosnippet":false,"robots_nofollow":false,"robots_noimageindex":false,"robots_noodp":false,"robots_notranslate":false,"robots_max_snippet":"-1","robots_max_videopreview":"-1","robots_max_imagepreview":"large","priority":null,"frequency":"default","local_seo":null,"limit_modified_date":false,"created":"2025-06-18 03:39:27","updated":"2025-09-25 09:29:51"},"_links":{"self":[{"href":"https:\/\/novalion-med.com\/es\/wp-json\/wp\/v2\/product\/5291","targetHints":{"allow":["GET"]}}],"collection":[{"href":"https:\/\/novalion-med.com\/es\/wp-json\/wp\/v2\/product"}],"about":[{"href":"https:\/\/novalion-med.com\/es\/wp-json\/wp\/v2\/types\/product"}],"version-history":[{"count":5,"href":"https:\/\/novalion-med.com\/es\/wp-json\/wp\/v2\/product\/5291\/revisions"}],"predecessor-version":[{"id":9530,"href":"https:\/\/novalion-med.com\/es\/wp-json\/wp\/v2\/product\/5291\/revisions\/9530"}],"wp:featuredmedia":[{"embeddable":true,"href":"https:\/\/novalion-med.com\/es\/wp-json\/wp\/v2\/media\/9529"}],"wp:attachment":[{"href":"https:\/\/novalion-med.com\/es\/wp-json\/wp\/v2\/media?parent=5291"}],"wp:term":[{"taxonomy":"product_brand","embeddable":true,"href":"https:\/\/novalion-med.com\/es\/wp-json\/wp\/v2\/product_brand?post=5291"},{"taxonomy":"product_cat","embeddable":true,"href":"https:\/\/novalion-med.com\/es\/wp-json\/wp\/v2\/product_cat?post=5291"},{"taxonomy":"product_tag","embeddable":true,"href":"https:\/\/novalion-med.com\/es\/wp-json\/wp\/v2\/product_tag?post=5291"}],"curies":[{"name":"wp","href":"https:\/\/api.w.org\/{rel}","templated":true}]}}