{"id":5048,"date":"2025-06-11T09:21:30","date_gmt":"2025-06-11T09:21:30","guid":{"rendered":"https:\/\/novalion-med.com\/?post_type=product&#038;p=5048"},"modified":"2025-06-11T09:26:30","modified_gmt":"2025-06-11T09:26:30","slug":"carro-de-rescate-de-acero-inoxidable-con-2-cajones-y-2-puertas","status":"publish","type":"product","link":"https:\/\/novalion-med.com\/es\/producto\/carro-de-rescate-de-acero-inoxidable-con-2-cajones-y-2-puertas\/","title":{"rendered":"Carro de rescate de acero inoxidable con 2 cajones y 2 puertas"},"content":{"rendered":"<div data-elementor-type=\"product-post\" data-elementor-id=\"5048\" class=\"elementor elementor-5048\" data-elementor-post-type=\"product\">\n\t\t\t\t<div class=\"elementor-element elementor-element-1c93f1cb e-con-full e-flex e-con e-parent\" data-id=\"1c93f1cb\" data-element_type=\"container\">\n\t\t\t\t<div class=\"elementor-element elementor-element-2240ff1 elementor-widget elementor-widget-heading\" data-id=\"2240ff1\" data-element_type=\"widget\" data-widget_type=\"heading.default\">\n\t\t\t\t<div class=\"elementor-widget-container\">\n\t\t\t\t\t<h2 class=\"elementor-heading-title elementor-size-default\">Carro de rescate de acero inoxidable con 2 cajones y 2 puertas<\/h2>\t\t\t\t<\/div>\n\t\t\t\t<\/div>\n\t\t\t\t<div class=\"elementor-element elementor-element-45d8c46 elementor-widget elementor-widget-text-editor\" data-id=\"45d8c46\" data-element_type=\"widget\" data-widget_type=\"text-editor.default\">\n\t\t\t\t<div class=\"elementor-widget-container\">\n\t\t\t\t\t\t\t\t\t<p>Dise\u00f1o preparado para cuidados cr\u00edticos con 2-3 cajones, 1-2 puertas y cubetas de suciedad opcionales para un acceso r\u00e1pido a los suministros de emergencia. La soldadura integral garantiza su robustez, mientras que las opciones de tama\u00f1o (de 62\u00d741 cm a 66\u00d744 cm) se adaptan a diversos dise\u00f1os de salas de urgencias.<\/p>\t\t\t\t\t\t\t\t<\/div>\n\t\t\t\t<\/div>\n\t\t\t\t<div class=\"elementor-element elementor-element-7152afc elementor-widget elementor-widget-text-editor\" data-id=\"7152afc\" data-element_type=\"widget\" data-widget_type=\"text-editor.default\">\n\t\t\t\t<div class=\"elementor-widget-container\">\n\t\t\t\t\t\t\t\t\t<h2>Caracter\u00edsticas principales<\/h2><p>Dise\u00f1o soldado fiable con 2 cajones + 2 puertas, en el que conf\u00edan los equipos de emergencia por su rendimiento constante.<\/p><ul><li>Carro de rescate est\u00e1ndar con 2 cajones + 2 puertas<\/li><li>Estructura soldada para uso intensivo<\/li><li>Ruedas con freno para mayor estabilidad<\/li><\/ul>\t\t\t\t\t\t\t\t<\/div>\n\t\t\t\t<\/div>\n\t\t\t\t<div class=\"elementor-element elementor-element-3a02177 elementor-widget elementor-widget-text-editor\" data-id=\"3a02177\" data-element_type=\"widget\" data-widget_type=\"text-editor.default\">\n\t\t\t\t<div class=\"elementor-widget-container\">\n\t\t\t\t\t\t\t\t\t<h2>Especificaciones<\/h2><table width=\"160\"><tbody><tr><td width=\"80\">Material opcional<\/td><td width=\"80\">\u00a0Acero inoxidable 201\/304<\/td><\/tr><tr><td>Estructura<\/td><td>\u00a0Soldadura integral<\/td><\/tr><tr><td>Caj\u00f3n<\/td><td>\u00a02 piezas<\/td><\/tr><tr><td>Puerta<\/td><td>\u00a02 piezas<\/td><\/tr><tr><td>Material de las ruedas opcional<\/td><td>\u00a04 ruedas de freno\/ruedas de silencio<\/td><\/tr><\/tbody><\/table>\t\t\t\t\t\t\t\t<\/div>\n\t\t\t\t<\/div>\n\t\t\t\t<div class=\"elementor-element elementor-element-2996df9 elementor-widget elementor-widget-text-editor\" data-id=\"2996df9\" data-element_type=\"widget\" data-widget_type=\"text-editor.default\">\n\t\t\t\t<div class=\"elementor-widget-container\">\n\t\t\t\t\t\t\t\t\t<p>Encontrar\u00e1 m\u00e1s equipos m\u00e9dicos en <a href=\"https:\/\/novalion-med.com\/es\/\" target=\"_blank\" rel=\"noopener\">nuestro sitio web<\/a> o <a href=\"https:\/\/api.whatsapp.com\/send\/?phone=%2B008618112908401&amp;text&amp;type=phone_number&amp;app_absent=0\" target=\"_blank\" rel=\"noopener\">nuestro whatsapp<\/a>.<\/p>\t\t\t\t\t\t\t\t<\/div>\n\t\t\t\t<\/div>\n\t\t\t\t<\/div>\n\t\t\t\t<\/div>","protected":false},"excerpt":{"rendered":"<p>El modelo NL230101-SSQJ03 es un carro de rescate de acero inoxidable con material opcional: 201\/304. Cuenta con estructura de soldadura integral, 2 cajones y 2 puertas. El material de las ruedas es opcional: 4 ruedas de freno\/ruedas mudas.<\/p>","protected":false},"featured_media":5031,"template":"elementor_theme","meta":{"site-sidebar-layout":"default","site-content-layout":"","ast-site-content-layout":"default","site-content-style":"default","site-sidebar-style":"default","ast-global-header-display":"","ast-banner-title-visibility":"","ast-main-header-display":"","ast-hfb-above-header-display":"","ast-hfb-below-header-display":"","ast-hfb-mobile-header-display":"","site-post-title":"","ast-breadcrumbs-content":"","ast-featured-img":"","footer-sml-layout":"","theme-transparent-header-meta":"default","adv-header-id-meta":"","stick-header-meta":"default","header-above-stick-meta":"","header-main-stick-meta":"","header-below-stick-meta":"","astra-migrate-meta-layouts":"set","ast-page-background-enabled":"default","ast-page-background-meta":{"desktop":{"background-color":"var(--ast-global-color-4)","background-image":"","background-repeat":"repeat","background-position":"center center","background-size":"auto","background-attachment":"scroll","background-type":"","background-media":"","overlay-type":"","overlay-color":"","overlay-opacity":"","overlay-gradient":""},"tablet":{"background-color":"","background-image":"","background-repeat":"repeat","background-position":"center center","background-size":"auto","background-attachment":"scroll","background-type":"","background-media":"","overlay-type":"","overlay-color":"","overlay-opacity":"","overlay-gradient":""},"mobile":{"background-color":"","background-image":"","background-repeat":"repeat","background-position":"center center","background-size":"auto","background-attachment":"scroll","background-type":"","background-media":"","overlay-type":"","overlay-color":"","overlay-opacity":"","overlay-gradient":""}},"ast-content-background-meta":{"desktop":{"background-color":"var(--ast-global-color-5)","background-image":"","background-repeat":"repeat","background-position":"center center","background-size":"auto","background-attachment":"scroll","background-type":"","background-media":"","overlay-type":"","overlay-color":"","overlay-opacity":"","overlay-gradient":""},"tablet":{"background-color":"var(--ast-global-color-5)","background-image":"","background-repeat":"repeat","background-position":"center center","background-size":"auto","background-attachment":"scroll","background-type":"","background-media":"","overlay-type":"","overlay-color":"","overlay-opacity":"","overlay-gradient":""},"mobile":{"background-color":"var(--ast-global-color-5)","background-image":"","background-repeat":"repeat","background-position":"center center","background-size":"auto","background-attachment":"scroll","background-type":"","background-media":"","overlay-type":"","overlay-color":"","overlay-opacity":"","overlay-gradient":""}}},"product_brand":[],"product_cat":[87],"product_tag":[],"class_list":{"0":"post-5048","1":"product","2":"type-product","3":"status-publish","4":"has-post-thumbnail","6":"product_cat-rescue-trolleys","7":"desktop-align-center","8":"tablet-align-left","9":"mobile-align-left","10":"ast-product-gallery-layout-horizontal-slider","11":"ast-product-gallery-with-no-image","12":"ast-magnify-disabled","13":"ast-product-tabs-layout-accordion","14":"ast-qv-on-image","16":"first","17":"instock","18":"shipping-taxable","19":"purchasable","20":"product-type-simple"},"aioseo_notices":[],"aioseo_head":"\n\t\t<!-- All in One SEO Pro 4.6.0 - aioseo.com -->\n\t\t<meta name=\"description\" content=\"201\/304 for Integral welded stainless steel rescue trolley, 2 drawers, 2 doors, 4 brake\/mute wheels options for caster material.\" \/>\n\t\t<meta name=\"robots\" content=\"max-image-preview:large\" \/>\n\t\t<meta name=\"google-site-verification\" content=\"XE0Krczs_zYC4qBAqnvyRaNEYa9NQEP4HzU7PPpzxoI\" \/>\n\t\t<link rel=\"canonical\" href=\"https:\/\/novalion-med.com\/es\/producto\/carro-de-rescate-de-acero-inoxidable-con-2-cajones-y-2-puertas\/\" \/>\n\t\t<meta name=\"generator\" content=\"All in One SEO Pro (AIOSEO) 4.6.0\" \/>\n\t\t<meta property=\"og:locale\" content=\"es_ES\" \/>\n\t\t<meta property=\"og:site_name\" content=\"Novalion Medical \u2013 Wheelchair, Hospital bed, Walker,Commode chair,Crutch...\" \/>\n\t\t<meta property=\"og:type\" content=\"article\" \/>\n\t\t<meta property=\"og:title\" content=\"welded stainless steel rescue trolley 2 drawer 2 door\" \/>\n\t\t<meta property=\"og:description\" content=\"201\/304 for Integral welded stainless steel rescue trolley, 2 drawers, 2 doors, 4 brake\/mute wheels options for caster material.\" \/>\n\t\t<meta property=\"og:url\" content=\"https:\/\/novalion-med.com\/es\/producto\/carro-de-rescate-de-acero-inoxidable-con-2-cajones-y-2-puertas\/\" \/>\n\t\t<meta property=\"og:image\" content=\"https:\/\/novalion-med.com\/wp-content\/uploads\/2025\/04\/cropped-343496212_201698782614433_8037205422525878621_n-1.jpg\" \/>\n\t\t<meta property=\"og:image:secure_url\" content=\"https:\/\/novalion-med.com\/wp-content\/uploads\/2025\/04\/cropped-343496212_201698782614433_8037205422525878621_n-1.jpg\" \/>\n\t\t<meta property=\"og:image:width\" content=\"512\" \/>\n\t\t<meta property=\"og:image:height\" content=\"512\" \/>\n\t\t<meta property=\"article:published_time\" content=\"2025-06-11T09:21:30+00:00\" \/>\n\t\t<meta property=\"article:modified_time\" content=\"2025-06-11T09:26:30+00:00\" \/>\n\t\t<meta property=\"article:publisher\" content=\"https:\/\/www.facebook.com\/NovalionMedical\/\" \/>\n\t\t<meta name=\"twitter:card\" content=\"summary_large_image\" \/>\n\t\t<meta name=\"twitter:title\" content=\"welded stainless steel rescue trolley 2 drawer 2 door\" \/>\n\t\t<meta name=\"twitter:description\" content=\"201\/304 for Integral welded stainless steel rescue trolley, 2 drawers, 2 doors, 4 brake\/mute wheels options for caster material.\" \/>\n\t\t<meta name=\"twitter:image\" content=\"https:\/\/novalion-med.com\/wp-content\/uploads\/2025\/04\/cropped-343496212_201698782614433_8037205422525878621_n-1.jpg\" \/>\n\t\t<script type=\"application\/ld+json\" class=\"aioseo-schema\">\n\t\t\t{\"@context\":\"https:\\\/\\\/schema.org\",\"@graph\":[{\"@type\":\"BreadcrumbList\",\"@id\":\"https:\\\/\\\/novalion-med.com\\\/es\\\/producto\\\/carro-de-rescate-de-acero-inoxidable-con-2-cajones-y-2-puertas\\\/#breadcrumblist\",\"itemListElement\":[{\"@type\":\"ListItem\",\"@id\":\"https:\\\/\\\/novalion-med.com\\\/es\\\/#listItem\",\"position\":1,\"name\":\"Home\",\"item\":\"https:\\\/\\\/novalion-med.com\\\/es\\\/\",\"nextItem\":\"https:\\\/\\\/novalion-med.com\\\/es\\\/producto\\\/carro-de-rescate-de-acero-inoxidable-con-2-cajones-y-2-puertas\\\/#listItem\"},{\"@type\":\"ListItem\",\"@id\":\"https:\\\/\\\/novalion-med.com\\\/es\\\/producto\\\/carro-de-rescate-de-acero-inoxidable-con-2-cajones-y-2-puertas\\\/#listItem\",\"position\":2,\"name\":\"Stainless Steel Rescue Trolley With 2 Drawers And 2 Doors\",\"previousItem\":\"https:\\\/\\\/novalion-med.com\\\/es\\\/#listItem\"}]},{\"@type\":\"Organization\",\"@id\":\"https:\\\/\\\/novalion-med.com\\\/es\\\/#organization\",\"name\":\"novalion-med.com\",\"url\":\"https:\\\/\\\/novalion-med.com\\\/es\\\/\",\"logo\":{\"@type\":\"ImageObject\",\"url\":\"https:\\\/\\\/novalion-med.com\\\/wp-content\\\/uploads\\\/2025\\\/04\\\/cropped-343496212_201698782614433_8037205422525878621_n-1.jpg\",\"@id\":\"https:\\\/\\\/novalion-med.com\\\/es\\\/producto\\\/carro-de-rescate-de-acero-inoxidable-con-2-cajones-y-2-puertas\\\/#organizationLogo\",\"width\":512,\"height\":512},\"image\":{\"@id\":\"https:\\\/\\\/novalion-med.com\\\/es\\\/producto\\\/carro-de-rescate-de-acero-inoxidable-con-2-cajones-y-2-puertas\\\/#organizationLogo\"},\"sameAs\":[\"https:\\\/\\\/www.facebook.com\\\/NovalionMedical\\\/\",\"https:\\\/\\\/www.youtube.com\\\/@NwlMedicalInstrument\"],\"contactPoint\":{\"@type\":\"ContactPoint\",\"telephone\":\"+8618326188070\",\"contactType\":\"Sales\"}},{\"@type\":\"Product\",\"@id\":\"https:\\\/\\\/novalion-med.com\\\/es\\\/producto\\\/carro-de-rescate-de-acero-inoxidable-con-2-cajones-y-2-puertas\\\/#wooCommerceProduct\",\"name\":\"Stainless Steel Rescue Trolley With 2 Drawers And 2 Doors\",\"description\":\"Model NL230101-SSQJ03 is a stainless steel rescue trolley with material optional: 201\\\/304. It features integral welding structure, 2 drawers and 2 doors. The caster material is optional: 4 brake wheels\\\/mute wheels.\",\"url\":\"https:\\\/\\\/novalion-med.com\\\/es\\\/producto\\\/carro-de-rescate-de-acero-inoxidable-con-2-cajones-y-2-puertas\\\/\",\"sku\":\"NL230101-SSQJ03\",\"image\":{\"@type\":\"ImageObject\",\"url\":\"https:\\\/\\\/novalion-med.com\\\/wp-content\\\/uploads\\\/2025\\\/06\\\/NL230101-SSQJ03-Stainless-Steel-Rescue-Trolley-With-2-Drawers-And-2-Doors.webp\",\"@id\":\"https:\\\/\\\/novalion-med.com\\\/es\\\/producto\\\/carro-de-rescate-de-acero-inoxidable-con-2-cajones-y-2-puertas\\\/#productImage\",\"width\":1000,\"height\":1000,\"caption\":\"NL230101-SSQJ03 Stainless Steel Rescue Trolley With 2 Drawers And 2 Doors\"},\"offers\":{\"@type\":\"Offer\",\"url\":\"https:\\\/\\\/novalion-med.com\\\/es\\\/producto\\\/carro-de-rescate-de-acero-inoxidable-con-2-cajones-y-2-puertas\\\/#wooCommerceOffer\",\"priceCurrency\":\"PHP\",\"category\":\"Rescue Trolleys\",\"availability\":\"https:\\\/\\\/schema.org\\\/InStock\",\"seller\":{\"@type\":\"Organization\",\"@id\":\"https:\\\/\\\/novalion-med.com\\\/es\\\/#organization\"},\"price\":111}},{\"@type\":\"WebPage\",\"@id\":\"https:\\\/\\\/novalion-med.com\\\/es\\\/producto\\\/carro-de-rescate-de-acero-inoxidable-con-2-cajones-y-2-puertas\\\/#webpage\",\"url\":\"https:\\\/\\\/novalion-med.com\\\/es\\\/producto\\\/carro-de-rescate-de-acero-inoxidable-con-2-cajones-y-2-puertas\\\/\",\"name\":\"welded stainless steel rescue trolley 2 drawer 2 door\",\"description\":\"201\\\/304 for Integral welded stainless steel rescue trolley, 2 drawers, 2 doors, 4 brake\\\/mute wheels options for caster material.\",\"inLanguage\":\"es-ES\",\"isPartOf\":{\"@id\":\"https:\\\/\\\/novalion-med.com\\\/es\\\/#website\"},\"breadcrumb\":{\"@id\":\"https:\\\/\\\/novalion-med.com\\\/es\\\/producto\\\/carro-de-rescate-de-acero-inoxidable-con-2-cajones-y-2-puertas\\\/#breadcrumblist\"},\"image\":{\"@type\":\"ImageObject\",\"url\":\"https:\\\/\\\/novalion-med.com\\\/wp-content\\\/uploads\\\/2025\\\/06\\\/NL230101-SSQJ03-Stainless-Steel-Rescue-Trolley-With-2-Drawers-And-2-Doors.webp\",\"@id\":\"https:\\\/\\\/novalion-med.com\\\/es\\\/producto\\\/carro-de-rescate-de-acero-inoxidable-con-2-cajones-y-2-puertas\\\/#mainImage\",\"width\":1000,\"height\":1000,\"caption\":\"NL230101-SSQJ03 Stainless Steel Rescue Trolley With 2 Drawers And 2 Doors\"},\"primaryImageOfPage\":{\"@id\":\"https:\\\/\\\/novalion-med.com\\\/es\\\/producto\\\/carro-de-rescate-de-acero-inoxidable-con-2-cajones-y-2-puertas\\\/#mainImage\"},\"datePublished\":\"2025-06-11T09:21:30+00:00\",\"dateModified\":\"2025-06-11T09:26:30+00:00\"},{\"@type\":\"WebSite\",\"@id\":\"https:\\\/\\\/novalion-med.com\\\/es\\\/#website\",\"url\":\"https:\\\/\\\/novalion-med.com\\\/es\\\/\",\"name\":\"novalion-med.com\",\"description\":\"Wheelchair, Hospital bed, Walker,Commode chair,Crutch...\",\"inLanguage\":\"es-ES\",\"publisher\":{\"@id\":\"https:\\\/\\\/novalion-med.com\\\/es\\\/#organization\"}}]}\n\t\t<\/script>\n\t\t<!-- All in One SEO Pro -->\r\n\t\t<title>welded stainless steel rescue trolley 2 drawer 2 door<\/title>\n\n","aioseo_head_json":{"title":"welded stainless steel rescue trolley 2 drawer 2 door","description":"201\/304 for Integral welded stainless steel rescue trolley, 2 drawers, 2 doors, 4 brake\/mute wheels options for caster material.","canonical_url":"https:\/\/novalion-med.com\/es\/producto\/carro-de-rescate-de-acero-inoxidable-con-2-cajones-y-2-puertas\/","robots":"max-image-preview:large","keywords":"","webmasterTools":{"google-site-verification":"XE0Krczs_zYC4qBAqnvyRaNEYa9NQEP4HzU7PPpzxoI","miscellaneous":""},"og:locale":"es_ES","og:site_name":"Novalion Medical \u2013 Wheelchair, Hospital bed, Walker,Commode chair,Crutch...","og:type":"article","og:title":"welded stainless steel rescue trolley 2 drawer 2 door","og:description":"201\/304 for Integral welded stainless steel rescue trolley, 2 drawers, 2 doors, 4 brake\/mute wheels options for caster material.","og:url":"https:\/\/novalion-med.com\/es\/producto\/carro-de-rescate-de-acero-inoxidable-con-2-cajones-y-2-puertas\/","og:image":"https:\/\/novalion-med.com\/wp-content\/uploads\/2025\/04\/cropped-343496212_201698782614433_8037205422525878621_n-1.jpg","og:image:secure_url":"https:\/\/novalion-med.com\/wp-content\/uploads\/2025\/04\/cropped-343496212_201698782614433_8037205422525878621_n-1.jpg","og:image:width":512,"og:image:height":512,"article:published_time":"2025-06-11T09:21:30+00:00","article:modified_time":"2025-06-11T09:26:30+00:00","article:publisher":"https:\/\/www.facebook.com\/NovalionMedical\/","twitter:card":"summary_large_image","twitter:title":"welded stainless steel rescue trolley 2 drawer 2 door","twitter:description":"201\/304 for Integral welded stainless steel rescue trolley, 2 drawers, 2 doors, 4 brake\/mute wheels options for caster material.","twitter:image":"https:\/\/novalion-med.com\/wp-content\/uploads\/2025\/04\/cropped-343496212_201698782614433_8037205422525878621_n-1.jpg","schema":{"@context":"https:\/\/schema.org","@graph":[{"@type":"BreadcrumbList","@id":"https:\/\/novalion-med.com\/es\/producto\/carro-de-rescate-de-acero-inoxidable-con-2-cajones-y-2-puertas\/#breadcrumblist","itemListElement":[{"@type":"ListItem","@id":"https:\/\/novalion-med.com\/es\/#listItem","position":1,"name":"Home","item":"https:\/\/novalion-med.com\/es\/","nextItem":"https:\/\/novalion-med.com\/es\/producto\/carro-de-rescate-de-acero-inoxidable-con-2-cajones-y-2-puertas\/#listItem"},{"@type":"ListItem","@id":"https:\/\/novalion-med.com\/es\/producto\/carro-de-rescate-de-acero-inoxidable-con-2-cajones-y-2-puertas\/#listItem","position":2,"name":"Stainless Steel Rescue Trolley With 2 Drawers And 2 Doors","previousItem":"https:\/\/novalion-med.com\/es\/#listItem"}]},{"@type":"Organization","@id":"https:\/\/novalion-med.com\/es\/#organization","name":"novalion-med.com","url":"https:\/\/novalion-med.com\/es\/","logo":{"@type":"ImageObject","url":"https:\/\/novalion-med.com\/wp-content\/uploads\/2025\/04\/cropped-343496212_201698782614433_8037205422525878621_n-1.jpg","@id":"https:\/\/novalion-med.com\/es\/producto\/carro-de-rescate-de-acero-inoxidable-con-2-cajones-y-2-puertas\/#organizationLogo","width":512,"height":512},"image":{"@id":"https:\/\/novalion-med.com\/es\/producto\/carro-de-rescate-de-acero-inoxidable-con-2-cajones-y-2-puertas\/#organizationLogo"},"sameAs":["https:\/\/www.facebook.com\/NovalionMedical\/","https:\/\/www.youtube.com\/@NwlMedicalInstrument"],"contactPoint":{"@type":"ContactPoint","telephone":"+8618326188070","contactType":"Sales"}},{"@type":"Product","@id":"https:\/\/novalion-med.com\/es\/producto\/carro-de-rescate-de-acero-inoxidable-con-2-cajones-y-2-puertas\/#wooCommerceProduct","name":"Stainless Steel Rescue Trolley With 2 Drawers And 2 Doors","description":"Model NL230101-SSQJ03 is a stainless steel rescue trolley with material optional: 201\/304. It features integral welding structure, 2 drawers and 2 doors. The caster material is optional: 4 brake wheels\/mute wheels.","url":"https:\/\/novalion-med.com\/es\/producto\/carro-de-rescate-de-acero-inoxidable-con-2-cajones-y-2-puertas\/","sku":"NL230101-SSQJ03","image":{"@type":"ImageObject","url":"https:\/\/novalion-med.com\/wp-content\/uploads\/2025\/06\/NL230101-SSQJ03-Stainless-Steel-Rescue-Trolley-With-2-Drawers-And-2-Doors.webp","@id":"https:\/\/novalion-med.com\/es\/producto\/carro-de-rescate-de-acero-inoxidable-con-2-cajones-y-2-puertas\/#productImage","width":1000,"height":1000,"caption":"NL230101-SSQJ03 Stainless Steel Rescue Trolley With 2 Drawers And 2 Doors"},"offers":{"@type":"Offer","url":"https:\/\/novalion-med.com\/es\/producto\/carro-de-rescate-de-acero-inoxidable-con-2-cajones-y-2-puertas\/#wooCommerceOffer","priceCurrency":"PHP","category":"Rescue Trolleys","availability":"https:\/\/schema.org\/InStock","seller":{"@type":"Organization","@id":"https:\/\/novalion-med.com\/es\/#organization"},"price":111}},{"@type":"WebPage","@id":"https:\/\/novalion-med.com\/es\/producto\/carro-de-rescate-de-acero-inoxidable-con-2-cajones-y-2-puertas\/#webpage","url":"https:\/\/novalion-med.com\/es\/producto\/carro-de-rescate-de-acero-inoxidable-con-2-cajones-y-2-puertas\/","name":"welded stainless steel rescue trolley 2 drawer 2 door","description":"201\/304 for Integral welded stainless steel rescue trolley, 2 drawers, 2 doors, 4 brake\/mute wheels options for caster material.","inLanguage":"es-ES","isPartOf":{"@id":"https:\/\/novalion-med.com\/es\/#website"},"breadcrumb":{"@id":"https:\/\/novalion-med.com\/es\/producto\/carro-de-rescate-de-acero-inoxidable-con-2-cajones-y-2-puertas\/#breadcrumblist"},"image":{"@type":"ImageObject","url":"https:\/\/novalion-med.com\/wp-content\/uploads\/2025\/06\/NL230101-SSQJ03-Stainless-Steel-Rescue-Trolley-With-2-Drawers-And-2-Doors.webp","@id":"https:\/\/novalion-med.com\/es\/producto\/carro-de-rescate-de-acero-inoxidable-con-2-cajones-y-2-puertas\/#mainImage","width":1000,"height":1000,"caption":"NL230101-SSQJ03 Stainless Steel Rescue Trolley With 2 Drawers And 2 Doors"},"primaryImageOfPage":{"@id":"https:\/\/novalion-med.com\/es\/producto\/carro-de-rescate-de-acero-inoxidable-con-2-cajones-y-2-puertas\/#mainImage"},"datePublished":"2025-06-11T09:21:30+00:00","dateModified":"2025-06-11T09:26:30+00:00"},{"@type":"WebSite","@id":"https:\/\/novalion-med.com\/es\/#website","url":"https:\/\/novalion-med.com\/es\/","name":"novalion-med.com","description":"Wheelchair, Hospital bed, Walker,Commode chair,Crutch...","inLanguage":"es-ES","publisher":{"@id":"https:\/\/novalion-med.com\/es\/#organization"}}]}},"aioseo_meta_data":{"post_id":"5048","title":"welded stainless steel rescue trolley 2 drawer 2 door","description":"201\/304 for Integral welded stainless steel rescue trolley, 2 drawers, 2 doors, 4 brake\/mute wheels options for caster material.","keywords":"[]","keyphrases":"{\"focus\":{\"keyphrase\":\"\",\"score\":0,\"analysis\":{\"keyphraseInTitle\":{\"score\":0,\"maxScore\":9,\"error\":1}}},\"additional\":[]}","primary_term":null,"canonical_url":null,"og_title":null,"og_description":null,"og_object_type":"default","og_image_type":"default","og_image_url":null,"og_image_width":null,"og_image_height":null,"og_image_custom_url":null,"og_image_custom_fields":null,"og_video":"","og_custom_url":null,"og_article_section":null,"og_article_tags":"[]","twitter_use_og":false,"twitter_card":"default","twitter_image_type":"default","twitter_image_url":null,"twitter_image_custom_url":null,"twitter_image_custom_fields":null,"twitter_title":null,"twitter_description":null,"schema":{"blockGraphs":[],"customGraphs":[],"default":{"data":{"Article":[],"Course":[],"Dataset":[],"FAQPage":[],"Movie":[],"Person":[],"Product":[],"Recipe":[],"Service":[],"SoftwareApplication":[],"WebPage":[]},"graphName":"Product","isEnabled":true},"graphs":[]},"schema_type":"default","schema_type_options":null,"pillar_content":false,"robots_default":true,"robots_noindex":false,"robots_noarchive":false,"robots_nosnippet":false,"robots_nofollow":false,"robots_noimageindex":false,"robots_noodp":false,"robots_notranslate":false,"robots_max_snippet":"-1","robots_max_videopreview":"-1","robots_max_imagepreview":"large","priority":null,"frequency":"default","local_seo":null,"limit_modified_date":false,"created":"2025-06-11 09:21:30","updated":"2025-06-11 09:29:33"},"_links":{"self":[{"href":"https:\/\/novalion-med.com\/es\/wp-json\/wp\/v2\/product\/5048","targetHints":{"allow":["GET"]}}],"collection":[{"href":"https:\/\/novalion-med.com\/es\/wp-json\/wp\/v2\/product"}],"about":[{"href":"https:\/\/novalion-med.com\/es\/wp-json\/wp\/v2\/types\/product"}],"version-history":[{"count":7,"href":"https:\/\/novalion-med.com\/es\/wp-json\/wp\/v2\/product\/5048\/revisions"}],"predecessor-version":[{"id":5055,"href":"https:\/\/novalion-med.com\/es\/wp-json\/wp\/v2\/product\/5048\/revisions\/5055"}],"wp:featuredmedia":[{"embeddable":true,"href":"https:\/\/novalion-med.com\/es\/wp-json\/wp\/v2\/media\/5031"}],"wp:attachment":[{"href":"https:\/\/novalion-med.com\/es\/wp-json\/wp\/v2\/media?parent=5048"}],"wp:term":[{"taxonomy":"product_brand","embeddable":true,"href":"https:\/\/novalion-med.com\/es\/wp-json\/wp\/v2\/product_brand?post=5048"},{"taxonomy":"product_cat","embeddable":true,"href":"https:\/\/novalion-med.com\/es\/wp-json\/wp\/v2\/product_cat?post=5048"},{"taxonomy":"product_tag","embeddable":true,"href":"https:\/\/novalion-med.com\/es\/wp-json\/wp\/v2\/product_tag?post=5048"}],"curies":[{"name":"wp","href":"https:\/\/api.w.org\/{rel}","templated":true}]}}