{"id":5019,"date":"2025-06-11T07:47:51","date_gmt":"2025-06-11T07:47:51","guid":{"rendered":"https:\/\/novalion-med.com\/?post_type=product&#038;p=5019"},"modified":"2025-06-11T07:50:41","modified_gmt":"2025-06-11T07:50:41","slug":"carro-esteril-integral-soldado-de-acero-inoxidable-de-2-capas-cuatro-puertas","status":"publish","type":"product","link":"https:\/\/novalion-med.com\/es\/producto\/carro-esteril-integral-soldado-de-acero-inoxidable-de-2-capas-cuatro-puertas\/","title":{"rendered":"Carro est\u00e9ril de 2 capas de acero inoxidable soldado integral Cuatro puertas"},"content":{"rendered":"<div data-elementor-type=\"product-post\" data-elementor-id=\"5019\" class=\"elementor elementor-5019\" data-elementor-post-type=\"product\">\n\t\t\t\t<div class=\"elementor-element elementor-element-1c93f1cb e-con-full e-flex e-con e-parent\" data-id=\"1c93f1cb\" data-element_type=\"container\">\n\t\t\t\t<div class=\"elementor-element elementor-element-2240ff1 elementor-widget elementor-widget-heading\" data-id=\"2240ff1\" data-element_type=\"widget\" data-widget_type=\"heading.default\">\n\t\t\t\t<div class=\"elementor-widget-container\">\n\t\t\t\t\t<h2 class=\"elementor-heading-title elementor-size-default\">Carro est\u00e9ril de 2 capas de acero inoxidable soldado integral Cuatro puertas<\/h2>\t\t\t\t<\/div>\n\t\t\t\t<\/div>\n\t\t\t\t<div class=\"elementor-element elementor-element-45d8c46 elementor-widget elementor-widget-text-editor\" data-id=\"45d8c46\" data-element_type=\"widget\" data-widget_type=\"text-editor.default\">\n\t\t\t\t<div class=\"elementor-widget-container\">\n\t\t\t\t\t\t\t\t\t<p>Mantenga la esterilidad con estos carros de 2 capas con soldadura integral, dise\u00f1ados para el transporte de material est\u00e9ril. La gran superficie de 100\u00d755 cm y las ruedas con freno\/silenciador opcionales garantizan una manipulaci\u00f3n segura y estable en los quir\u00f3fanos.<\/p>\t\t\t\t\t\t\t\t<\/div>\n\t\t\t\t<\/div>\n\t\t\t\t<div class=\"elementor-element elementor-element-7152afc elementor-widget elementor-widget-text-editor\" data-id=\"7152afc\" data-element_type=\"widget\" data-widget_type=\"text-editor.default\">\n\t\t\t\t<div class=\"elementor-widget-container\">\n\t\t\t\t\t\t\t\t\t<h2>Caracter\u00edsticas principales<\/h2><p>El ligero ajuste de tama\u00f1o (100\u00d755\u00d799 cm) ofrece almacenamiento adicional a la vez que mantiene los estrictos requisitos de esterilidad.<\/p><ul><li>Carro est\u00e9ril con ligera variaci\u00f3n de tama\u00f1o (100\u00d755\u00d799cm)<\/li><li>Integridad soldada para el control de la contaminaci\u00f3n<\/li><li>Ruedas silenciadoras para uso en salas limpias<\/li><\/ul>\t\t\t\t\t\t\t\t<\/div>\n\t\t\t\t<\/div>\n\t\t\t\t<div class=\"elementor-element elementor-element-3a02177 elementor-widget elementor-widget-text-editor\" data-id=\"3a02177\" data-element_type=\"widget\" data-widget_type=\"text-editor.default\">\n\t\t\t\t<div class=\"elementor-widget-container\">\n\t\t\t\t\t\t\t\t\t<h2>Especificaciones<\/h2><table width=\"160\"><tbody><tr><td width=\"80\">Material opcional<\/td><td width=\"80\">\u00a0Acero inoxidable 201\/304<\/td><\/tr><tr><td>Estructura<\/td><td>\u00a0Soldadura integral, 2 capas<\/td><\/tr><tr><td>Material de las ruedas opcional<\/td><td>\u00a04 ruedas de freno\/ruedas de silencio<\/td><\/tr><tr><td>Talla\u00a0<\/td><td>100*55*99cm<\/td><\/tr><\/tbody><\/table>\t\t\t\t\t\t\t\t<\/div>\n\t\t\t\t<\/div>\n\t\t\t\t<div class=\"elementor-element elementor-element-2996df9 elementor-widget elementor-widget-text-editor\" data-id=\"2996df9\" data-element_type=\"widget\" data-widget_type=\"text-editor.default\">\n\t\t\t\t<div class=\"elementor-widget-container\">\n\t\t\t\t\t\t\t\t\t<p>Encontrar\u00e1 m\u00e1s equipos m\u00e9dicos en <a href=\"https:\/\/novalion-med.com\/es\/\" target=\"_blank\" rel=\"noopener\">nuestro sitio web<\/a> o <a href=\"https:\/\/api.whatsapp.com\/send\/?phone=%2B008618112908401&amp;text&amp;type=phone_number&amp;app_absent=0\" target=\"_blank\" rel=\"noopener\">nuestro whatsapp<\/a>.<\/p>\t\t\t\t\t\t\t\t<\/div>\n\t\t\t\t<\/div>\n\t\t\t\t<\/div>\n\t\t\t\t<\/div>","protected":false},"excerpt":{"rendered":"<p>El modelo NL230101-SSWJ02 es un carro est\u00e9ril de acero inoxidable con material opcional: 201\/304. Cuenta con una estructura de soldadura integral de 2 capas. El material de la rueda es opcional: 4 ruedas de freno \/ ruedas mudas, y el tama\u00f1o es de 100\u00d755\u00d799cm.<\/p>","protected":false},"featured_media":4991,"template":"elementor_theme","meta":{"site-sidebar-layout":"default","site-content-layout":"","ast-site-content-layout":"default","site-content-style":"default","site-sidebar-style":"default","ast-global-header-display":"","ast-banner-title-visibility":"","ast-main-header-display":"","ast-hfb-above-header-display":"","ast-hfb-below-header-display":"","ast-hfb-mobile-header-display":"","site-post-title":"","ast-breadcrumbs-content":"","ast-featured-img":"","footer-sml-layout":"","theme-transparent-header-meta":"default","adv-header-id-meta":"","stick-header-meta":"default","header-above-stick-meta":"","header-main-stick-meta":"","header-below-stick-meta":"","astra-migrate-meta-layouts":"set","ast-page-background-enabled":"default","ast-page-background-meta":{"desktop":{"background-color":"var(--ast-global-color-4)","background-image":"","background-repeat":"repeat","background-position":"center center","background-size":"auto","background-attachment":"scroll","background-type":"","background-media":"","overlay-type":"","overlay-color":"","overlay-opacity":"","overlay-gradient":""},"tablet":{"background-color":"","background-image":"","background-repeat":"repeat","background-position":"center center","background-size":"auto","background-attachment":"scroll","background-type":"","background-media":"","overlay-type":"","overlay-color":"","overlay-opacity":"","overlay-gradient":""},"mobile":{"background-color":"","background-image":"","background-repeat":"repeat","background-position":"center center","background-size":"auto","background-attachment":"scroll","background-type":"","background-media":"","overlay-type":"","overlay-color":"","overlay-opacity":"","overlay-gradient":""}},"ast-content-background-meta":{"desktop":{"background-color":"var(--ast-global-color-5)","background-image":"","background-repeat":"repeat","background-position":"center center","background-size":"auto","background-attachment":"scroll","background-type":"","background-media":"","overlay-type":"","overlay-color":"","overlay-opacity":"","overlay-gradient":""},"tablet":{"background-color":"var(--ast-global-color-5)","background-image":"","background-repeat":"repeat","background-position":"center center","background-size":"auto","background-attachment":"scroll","background-type":"","background-media":"","overlay-type":"","overlay-color":"","overlay-opacity":"","overlay-gradient":""},"mobile":{"background-color":"var(--ast-global-color-5)","background-image":"","background-repeat":"repeat","background-position":"center center","background-size":"auto","background-attachment":"scroll","background-type":"","background-media":"","overlay-type":"","overlay-color":"","overlay-opacity":"","overlay-gradient":""}}},"product_brand":[],"product_cat":[88],"product_tag":[],"class_list":{"0":"post-5019","1":"product","2":"type-product","3":"status-publish","4":"has-post-thumbnail","6":"product_cat-sterile-trolleys","7":"desktop-align-center","8":"tablet-align-left","9":"mobile-align-left","10":"ast-product-gallery-layout-horizontal-slider","11":"ast-product-gallery-with-no-image","12":"ast-magnify-disabled","13":"ast-product-tabs-layout-accordion","14":"ast-qv-on-image","16":"first","17":"instock","18":"shipping-taxable","19":"purchasable","20":"product-type-simple"},"aioseo_notices":[],"aioseo_head":"\n\t\t<!-- All in One SEO Pro 4.6.0 - aioseo.com -->\n\t\t<meta name=\"description\" content=\"Integral welded 2-layer stainless steel sterile trolley, 100\u00d755\u00d799cm, 4 brake\/mute wheels optional. Four doors for open NL230101-SSWJ02.\" \/>\n\t\t<meta name=\"robots\" content=\"max-image-preview:large\" \/>\n\t\t<meta name=\"google-site-verification\" content=\"XE0Krczs_zYC4qBAqnvyRaNEYa9NQEP4HzU7PPpzxoI\" \/>\n\t\t<link rel=\"canonical\" href=\"https:\/\/novalion-med.com\/es\/producto\/carro-esteril-integral-soldado-de-acero-inoxidable-de-2-capas-cuatro-puertas\/\" \/>\n\t\t<meta name=\"generator\" content=\"All in One SEO Pro (AIOSEO) 4.6.0\" \/>\n\t\t<meta property=\"og:locale\" content=\"es_ES\" \/>\n\t\t<meta property=\"og:site_name\" content=\"Novalion Medical \u2013 Wheelchair, Hospital bed, Walker,Commode chair,Crutch...\" \/>\n\t\t<meta property=\"og:type\" content=\"article\" \/>\n\t\t<meta property=\"og:title\" content=\"Integral 2-layer stainless steel sterile trolley 4 doors\" \/>\n\t\t<meta property=\"og:description\" content=\"Integral welded 2-layer stainless steel sterile trolley, 100\u00d755\u00d799cm, 4 brake\/mute wheels optional. Four doors for open NL230101-SSWJ02.\" \/>\n\t\t<meta property=\"og:url\" content=\"https:\/\/novalion-med.com\/es\/producto\/carro-esteril-integral-soldado-de-acero-inoxidable-de-2-capas-cuatro-puertas\/\" \/>\n\t\t<meta property=\"og:image\" content=\"https:\/\/novalion-med.com\/wp-content\/uploads\/2025\/04\/cropped-343496212_201698782614433_8037205422525878621_n-1.jpg\" \/>\n\t\t<meta property=\"og:image:secure_url\" content=\"https:\/\/novalion-med.com\/wp-content\/uploads\/2025\/04\/cropped-343496212_201698782614433_8037205422525878621_n-1.jpg\" \/>\n\t\t<meta property=\"og:image:width\" content=\"512\" \/>\n\t\t<meta property=\"og:image:height\" content=\"512\" \/>\n\t\t<meta property=\"article:published_time\" content=\"2025-06-11T07:47:51+00:00\" \/>\n\t\t<meta property=\"article:modified_time\" content=\"2025-06-11T07:50:41+00:00\" \/>\n\t\t<meta property=\"article:publisher\" content=\"https:\/\/www.facebook.com\/NovalionMedical\/\" \/>\n\t\t<meta name=\"twitter:card\" content=\"summary_large_image\" \/>\n\t\t<meta name=\"twitter:title\" content=\"Integral 2-layer stainless steel sterile trolley 4 doors\" \/>\n\t\t<meta name=\"twitter:description\" content=\"Integral welded 2-layer stainless steel sterile trolley, 100\u00d755\u00d799cm, 4 brake\/mute wheels optional. Four doors for open NL230101-SSWJ02.\" \/>\n\t\t<meta name=\"twitter:image\" content=\"https:\/\/novalion-med.com\/wp-content\/uploads\/2025\/04\/cropped-343496212_201698782614433_8037205422525878621_n-1.jpg\" \/>\n\t\t<script type=\"application\/ld+json\" class=\"aioseo-schema\">\n\t\t\t{\"@context\":\"https:\\\/\\\/schema.org\",\"@graph\":[{\"@type\":\"BreadcrumbList\",\"@id\":\"https:\\\/\\\/novalion-med.com\\\/es\\\/producto\\\/carro-esteril-integral-soldado-de-acero-inoxidable-de-2-capas-cuatro-puertas\\\/#breadcrumblist\",\"itemListElement\":[{\"@type\":\"ListItem\",\"@id\":\"https:\\\/\\\/novalion-med.com\\\/es\\\/#listItem\",\"position\":1,\"name\":\"Home\",\"item\":\"https:\\\/\\\/novalion-med.com\\\/es\\\/\",\"nextItem\":\"https:\\\/\\\/novalion-med.com\\\/es\\\/producto\\\/carro-esteril-integral-soldado-de-acero-inoxidable-de-2-capas-cuatro-puertas\\\/#listItem\"},{\"@type\":\"ListItem\",\"@id\":\"https:\\\/\\\/novalion-med.com\\\/es\\\/producto\\\/carro-esteril-integral-soldado-de-acero-inoxidable-de-2-capas-cuatro-puertas\\\/#listItem\",\"position\":2,\"name\":\"Integral Welded Stainless Steel 2-Layer Sterile Trolley Four Doors\",\"previousItem\":\"https:\\\/\\\/novalion-med.com\\\/es\\\/#listItem\"}]},{\"@type\":\"Organization\",\"@id\":\"https:\\\/\\\/novalion-med.com\\\/es\\\/#organization\",\"name\":\"novalion-med.com\",\"url\":\"https:\\\/\\\/novalion-med.com\\\/es\\\/\",\"logo\":{\"@type\":\"ImageObject\",\"url\":\"https:\\\/\\\/novalion-med.com\\\/wp-content\\\/uploads\\\/2025\\\/04\\\/cropped-343496212_201698782614433_8037205422525878621_n-1.jpg\",\"@id\":\"https:\\\/\\\/novalion-med.com\\\/es\\\/producto\\\/carro-esteril-integral-soldado-de-acero-inoxidable-de-2-capas-cuatro-puertas\\\/#organizationLogo\",\"width\":512,\"height\":512},\"image\":{\"@id\":\"https:\\\/\\\/novalion-med.com\\\/es\\\/producto\\\/carro-esteril-integral-soldado-de-acero-inoxidable-de-2-capas-cuatro-puertas\\\/#organizationLogo\"},\"sameAs\":[\"https:\\\/\\\/www.facebook.com\\\/NovalionMedical\\\/\",\"https:\\\/\\\/www.youtube.com\\\/@NwlMedicalInstrument\"],\"contactPoint\":{\"@type\":\"ContactPoint\",\"telephone\":\"+8618326188070\",\"contactType\":\"Sales\"}},{\"@type\":\"Product\",\"@id\":\"https:\\\/\\\/novalion-med.com\\\/es\\\/producto\\\/carro-esteril-integral-soldado-de-acero-inoxidable-de-2-capas-cuatro-puertas\\\/#wooCommerceProduct\",\"name\":\"Integral Welded Stainless Steel 2-Layer Sterile Trolley Four Doors\",\"description\":\"Model NL230101-SSWJ02 is a stainless steel sterile trolley with material optional: 201\\\/304. It features integral welding structure with 2 layers. The caster material is optional: 4 brake wheels\\\/mute wheels, and size is 100\\u00d755\\u00d799cm.\",\"url\":\"https:\\\/\\\/novalion-med.com\\\/es\\\/producto\\\/carro-esteril-integral-soldado-de-acero-inoxidable-de-2-capas-cuatro-puertas\\\/\",\"sku\":\"NL230101-SSWJ02\",\"image\":{\"@type\":\"ImageObject\",\"url\":\"https:\\\/\\\/novalion-med.com\\\/wp-content\\\/uploads\\\/2025\\\/06\\\/NL230101-SSWJ02-Integral-Welded-Stainless-Steel-2-Layer-Sterile-Trolley.webp\",\"@id\":\"https:\\\/\\\/novalion-med.com\\\/es\\\/producto\\\/carro-esteril-integral-soldado-de-acero-inoxidable-de-2-capas-cuatro-puertas\\\/#productImage\",\"width\":800,\"height\":800,\"caption\":\"NL230101-SSWJ02 Integral Welded Stainless Steel 2-Layer Sterile Trolley\"},\"offers\":{\"@type\":\"Offer\",\"url\":\"https:\\\/\\\/novalion-med.com\\\/es\\\/producto\\\/carro-esteril-integral-soldado-de-acero-inoxidable-de-2-capas-cuatro-puertas\\\/#wooCommerceOffer\",\"priceCurrency\":\"PHP\",\"category\":\"Sterile Trolleys\",\"availability\":\"https:\\\/\\\/schema.org\\\/InStock\",\"seller\":{\"@type\":\"Organization\",\"@id\":\"https:\\\/\\\/novalion-med.com\\\/es\\\/#organization\"},\"price\":111}},{\"@type\":\"WebPage\",\"@id\":\"https:\\\/\\\/novalion-med.com\\\/es\\\/producto\\\/carro-esteril-integral-soldado-de-acero-inoxidable-de-2-capas-cuatro-puertas\\\/#webpage\",\"url\":\"https:\\\/\\\/novalion-med.com\\\/es\\\/producto\\\/carro-esteril-integral-soldado-de-acero-inoxidable-de-2-capas-cuatro-puertas\\\/\",\"name\":\"Integral 2-layer stainless steel sterile trolley 4 doors\",\"description\":\"Integral welded 2-layer stainless steel sterile trolley, 100\\u00d755\\u00d799cm, 4 brake\\\/mute wheels optional. Four doors for open NL230101-SSWJ02.\",\"inLanguage\":\"es-ES\",\"isPartOf\":{\"@id\":\"https:\\\/\\\/novalion-med.com\\\/es\\\/#website\"},\"breadcrumb\":{\"@id\":\"https:\\\/\\\/novalion-med.com\\\/es\\\/producto\\\/carro-esteril-integral-soldado-de-acero-inoxidable-de-2-capas-cuatro-puertas\\\/#breadcrumblist\"},\"image\":{\"@type\":\"ImageObject\",\"url\":\"https:\\\/\\\/novalion-med.com\\\/wp-content\\\/uploads\\\/2025\\\/06\\\/NL230101-SSWJ02-Integral-Welded-Stainless-Steel-2-Layer-Sterile-Trolley.webp\",\"@id\":\"https:\\\/\\\/novalion-med.com\\\/es\\\/producto\\\/carro-esteril-integral-soldado-de-acero-inoxidable-de-2-capas-cuatro-puertas\\\/#mainImage\",\"width\":800,\"height\":800,\"caption\":\"NL230101-SSWJ02 Integral Welded Stainless Steel 2-Layer Sterile Trolley\"},\"primaryImageOfPage\":{\"@id\":\"https:\\\/\\\/novalion-med.com\\\/es\\\/producto\\\/carro-esteril-integral-soldado-de-acero-inoxidable-de-2-capas-cuatro-puertas\\\/#mainImage\"},\"datePublished\":\"2025-06-11T07:47:51+00:00\",\"dateModified\":\"2025-06-11T07:50:41+00:00\"},{\"@type\":\"WebSite\",\"@id\":\"https:\\\/\\\/novalion-med.com\\\/es\\\/#website\",\"url\":\"https:\\\/\\\/novalion-med.com\\\/es\\\/\",\"name\":\"novalion-med.com\",\"description\":\"Wheelchair, Hospital bed, Walker,Commode chair,Crutch...\",\"inLanguage\":\"es-ES\",\"publisher\":{\"@id\":\"https:\\\/\\\/novalion-med.com\\\/es\\\/#organization\"}}]}\n\t\t<\/script>\n\t\t<!-- All in One SEO Pro -->\r\n\t\t<title>Integral 2-layer stainless steel sterile trolley 4 doors<\/title>\n\n","aioseo_head_json":{"title":"Integral 2-layer stainless steel sterile trolley 4 doors","description":"Integral welded 2-layer stainless steel sterile trolley, 100\u00d755\u00d799cm, 4 brake\/mute wheels optional. Four doors for open NL230101-SSWJ02.","canonical_url":"https:\/\/novalion-med.com\/es\/producto\/carro-esteril-integral-soldado-de-acero-inoxidable-de-2-capas-cuatro-puertas\/","robots":"max-image-preview:large","keywords":"","webmasterTools":{"google-site-verification":"XE0Krczs_zYC4qBAqnvyRaNEYa9NQEP4HzU7PPpzxoI","miscellaneous":""},"og:locale":"es_ES","og:site_name":"Novalion Medical \u2013 Wheelchair, Hospital bed, Walker,Commode chair,Crutch...","og:type":"article","og:title":"Integral 2-layer stainless steel sterile trolley 4 doors","og:description":"Integral welded 2-layer stainless steel sterile trolley, 100\u00d755\u00d799cm, 4 brake\/mute wheels optional. Four doors for open NL230101-SSWJ02.","og:url":"https:\/\/novalion-med.com\/es\/producto\/carro-esteril-integral-soldado-de-acero-inoxidable-de-2-capas-cuatro-puertas\/","og:image":"https:\/\/novalion-med.com\/wp-content\/uploads\/2025\/04\/cropped-343496212_201698782614433_8037205422525878621_n-1.jpg","og:image:secure_url":"https:\/\/novalion-med.com\/wp-content\/uploads\/2025\/04\/cropped-343496212_201698782614433_8037205422525878621_n-1.jpg","og:image:width":512,"og:image:height":512,"article:published_time":"2025-06-11T07:47:51+00:00","article:modified_time":"2025-06-11T07:50:41+00:00","article:publisher":"https:\/\/www.facebook.com\/NovalionMedical\/","twitter:card":"summary_large_image","twitter:title":"Integral 2-layer stainless steel sterile trolley 4 doors","twitter:description":"Integral welded 2-layer stainless steel sterile trolley, 100\u00d755\u00d799cm, 4 brake\/mute wheels optional. Four doors for open NL230101-SSWJ02.","twitter:image":"https:\/\/novalion-med.com\/wp-content\/uploads\/2025\/04\/cropped-343496212_201698782614433_8037205422525878621_n-1.jpg","schema":{"@context":"https:\/\/schema.org","@graph":[{"@type":"BreadcrumbList","@id":"https:\/\/novalion-med.com\/es\/producto\/carro-esteril-integral-soldado-de-acero-inoxidable-de-2-capas-cuatro-puertas\/#breadcrumblist","itemListElement":[{"@type":"ListItem","@id":"https:\/\/novalion-med.com\/es\/#listItem","position":1,"name":"Home","item":"https:\/\/novalion-med.com\/es\/","nextItem":"https:\/\/novalion-med.com\/es\/producto\/carro-esteril-integral-soldado-de-acero-inoxidable-de-2-capas-cuatro-puertas\/#listItem"},{"@type":"ListItem","@id":"https:\/\/novalion-med.com\/es\/producto\/carro-esteril-integral-soldado-de-acero-inoxidable-de-2-capas-cuatro-puertas\/#listItem","position":2,"name":"Integral Welded Stainless Steel 2-Layer Sterile Trolley Four Doors","previousItem":"https:\/\/novalion-med.com\/es\/#listItem"}]},{"@type":"Organization","@id":"https:\/\/novalion-med.com\/es\/#organization","name":"novalion-med.com","url":"https:\/\/novalion-med.com\/es\/","logo":{"@type":"ImageObject","url":"https:\/\/novalion-med.com\/wp-content\/uploads\/2025\/04\/cropped-343496212_201698782614433_8037205422525878621_n-1.jpg","@id":"https:\/\/novalion-med.com\/es\/producto\/carro-esteril-integral-soldado-de-acero-inoxidable-de-2-capas-cuatro-puertas\/#organizationLogo","width":512,"height":512},"image":{"@id":"https:\/\/novalion-med.com\/es\/producto\/carro-esteril-integral-soldado-de-acero-inoxidable-de-2-capas-cuatro-puertas\/#organizationLogo"},"sameAs":["https:\/\/www.facebook.com\/NovalionMedical\/","https:\/\/www.youtube.com\/@NwlMedicalInstrument"],"contactPoint":{"@type":"ContactPoint","telephone":"+8618326188070","contactType":"Sales"}},{"@type":"Product","@id":"https:\/\/novalion-med.com\/es\/producto\/carro-esteril-integral-soldado-de-acero-inoxidable-de-2-capas-cuatro-puertas\/#wooCommerceProduct","name":"Integral Welded Stainless Steel 2-Layer Sterile Trolley Four Doors","description":"Model NL230101-SSWJ02 is a stainless steel sterile trolley with material optional: 201\/304. It features integral welding structure with 2 layers. The caster material is optional: 4 brake wheels\/mute wheels, and size is 100\u00d755\u00d799cm.","url":"https:\/\/novalion-med.com\/es\/producto\/carro-esteril-integral-soldado-de-acero-inoxidable-de-2-capas-cuatro-puertas\/","sku":"NL230101-SSWJ02","image":{"@type":"ImageObject","url":"https:\/\/novalion-med.com\/wp-content\/uploads\/2025\/06\/NL230101-SSWJ02-Integral-Welded-Stainless-Steel-2-Layer-Sterile-Trolley.webp","@id":"https:\/\/novalion-med.com\/es\/producto\/carro-esteril-integral-soldado-de-acero-inoxidable-de-2-capas-cuatro-puertas\/#productImage","width":800,"height":800,"caption":"NL230101-SSWJ02 Integral Welded Stainless Steel 2-Layer Sterile Trolley"},"offers":{"@type":"Offer","url":"https:\/\/novalion-med.com\/es\/producto\/carro-esteril-integral-soldado-de-acero-inoxidable-de-2-capas-cuatro-puertas\/#wooCommerceOffer","priceCurrency":"PHP","category":"Sterile Trolleys","availability":"https:\/\/schema.org\/InStock","seller":{"@type":"Organization","@id":"https:\/\/novalion-med.com\/es\/#organization"},"price":111}},{"@type":"WebPage","@id":"https:\/\/novalion-med.com\/es\/producto\/carro-esteril-integral-soldado-de-acero-inoxidable-de-2-capas-cuatro-puertas\/#webpage","url":"https:\/\/novalion-med.com\/es\/producto\/carro-esteril-integral-soldado-de-acero-inoxidable-de-2-capas-cuatro-puertas\/","name":"Integral 2-layer stainless steel sterile trolley 4 doors","description":"Integral welded 2-layer stainless steel sterile trolley, 100\u00d755\u00d799cm, 4 brake\/mute wheels optional. Four doors for open NL230101-SSWJ02.","inLanguage":"es-ES","isPartOf":{"@id":"https:\/\/novalion-med.com\/es\/#website"},"breadcrumb":{"@id":"https:\/\/novalion-med.com\/es\/producto\/carro-esteril-integral-soldado-de-acero-inoxidable-de-2-capas-cuatro-puertas\/#breadcrumblist"},"image":{"@type":"ImageObject","url":"https:\/\/novalion-med.com\/wp-content\/uploads\/2025\/06\/NL230101-SSWJ02-Integral-Welded-Stainless-Steel-2-Layer-Sterile-Trolley.webp","@id":"https:\/\/novalion-med.com\/es\/producto\/carro-esteril-integral-soldado-de-acero-inoxidable-de-2-capas-cuatro-puertas\/#mainImage","width":800,"height":800,"caption":"NL230101-SSWJ02 Integral Welded Stainless Steel 2-Layer Sterile Trolley"},"primaryImageOfPage":{"@id":"https:\/\/novalion-med.com\/es\/producto\/carro-esteril-integral-soldado-de-acero-inoxidable-de-2-capas-cuatro-puertas\/#mainImage"},"datePublished":"2025-06-11T07:47:51+00:00","dateModified":"2025-06-11T07:50:41+00:00"},{"@type":"WebSite","@id":"https:\/\/novalion-med.com\/es\/#website","url":"https:\/\/novalion-med.com\/es\/","name":"novalion-med.com","description":"Wheelchair, Hospital bed, Walker,Commode chair,Crutch...","inLanguage":"es-ES","publisher":{"@id":"https:\/\/novalion-med.com\/es\/#organization"}}]}},"aioseo_meta_data":{"post_id":"5019","title":"Integral 2-layer stainless steel sterile trolley 4 doors","description":"Integral welded 2-layer stainless steel sterile trolley, 100\u00d755\u00d799cm, 4 brake\/mute wheels optional. Four doors for open NL230101-SSWJ02.","keywords":"[]","keyphrases":"{\"focus\":{\"keyphrase\":\"\",\"score\":0,\"analysis\":{\"keyphraseInTitle\":{\"score\":0,\"maxScore\":9,\"error\":1}}},\"additional\":[]}","primary_term":null,"canonical_url":null,"og_title":null,"og_description":null,"og_object_type":"default","og_image_type":"default","og_image_url":null,"og_image_width":null,"og_image_height":null,"og_image_custom_url":null,"og_image_custom_fields":null,"og_video":"","og_custom_url":null,"og_article_section":null,"og_article_tags":"[]","twitter_use_og":false,"twitter_card":"default","twitter_image_type":"default","twitter_image_url":null,"twitter_image_custom_url":null,"twitter_image_custom_fields":null,"twitter_title":null,"twitter_description":null,"schema":{"blockGraphs":[],"customGraphs":[],"default":{"data":{"Article":[],"Course":[],"Dataset":[],"FAQPage":[],"Movie":[],"Person":[],"Product":[],"Recipe":[],"Service":[],"SoftwareApplication":[],"WebPage":[]},"graphName":"Product","isEnabled":true},"graphs":[]},"schema_type":"default","schema_type_options":null,"pillar_content":false,"robots_default":true,"robots_noindex":false,"robots_noarchive":false,"robots_nosnippet":false,"robots_nofollow":false,"robots_noimageindex":false,"robots_noodp":false,"robots_notranslate":false,"robots_max_snippet":"-1","robots_max_videopreview":"-1","robots_max_imagepreview":"large","priority":null,"frequency":"default","local_seo":null,"limit_modified_date":false,"created":"2025-06-11 07:47:51","updated":"2025-06-11 07:52:45"},"_links":{"self":[{"href":"https:\/\/novalion-med.com\/es\/wp-json\/wp\/v2\/product\/5019","targetHints":{"allow":["GET"]}}],"collection":[{"href":"https:\/\/novalion-med.com\/es\/wp-json\/wp\/v2\/product"}],"about":[{"href":"https:\/\/novalion-med.com\/es\/wp-json\/wp\/v2\/types\/product"}],"version-history":[{"count":4,"href":"https:\/\/novalion-med.com\/es\/wp-json\/wp\/v2\/product\/5019\/revisions"}],"predecessor-version":[{"id":5023,"href":"https:\/\/novalion-med.com\/es\/wp-json\/wp\/v2\/product\/5019\/revisions\/5023"}],"wp:featuredmedia":[{"embeddable":true,"href":"https:\/\/novalion-med.com\/es\/wp-json\/wp\/v2\/media\/4991"}],"wp:attachment":[{"href":"https:\/\/novalion-med.com\/es\/wp-json\/wp\/v2\/media?parent=5019"}],"wp:term":[{"taxonomy":"product_brand","embeddable":true,"href":"https:\/\/novalion-med.com\/es\/wp-json\/wp\/v2\/product_brand?post=5019"},{"taxonomy":"product_cat","embeddable":true,"href":"https:\/\/novalion-med.com\/es\/wp-json\/wp\/v2\/product_cat?post=5019"},{"taxonomy":"product_tag","embeddable":true,"href":"https:\/\/novalion-med.com\/es\/wp-json\/wp\/v2\/product_tag?post=5019"}],"curies":[{"name":"wp","href":"https:\/\/api.w.org\/{rel}","templated":true}]}}